{"id":1058,"date":"2013-02-11T07:28:03","date_gmt":"2013-02-11T07:28:03","guid":{"rendered":"http:\/\/hogash-demo.com\/kallyas_wp\/?page_id=1058"},"modified":"2013-02-11T07:28:03","modified_gmt":"2013-02-11T07:28:03","slug":"seo-fiyatlari","status":"publish","type":"page","link":"https:\/\/otel.name.tr\/index.php\/seo-fiyatlari\/","title":{"rendered":"SEO Fiyatlar\u0131"},"content":{"rendered":"\n<p>Bu i\u00e7erik <strong>Arama Motoru Optimizasyon (SEO)<\/strong> sayfas\u0131na \u00f6zel bir fiyatland\u0131rmad\u0131r.<\/p>\n\n\n<p>[subtitle]<strong>T\u00fcrk Sem<\/strong> &#8211; Size uygun plan\u0131 se\u00e7erek &#8220;<strong>BASVUR<\/strong>&#8221; baglant\u0131s\u0131n\u0131 t\u0131klay\u0131n.\u00a0\u00a0[\/subtitle]<\/p>\n\n\n\n<h2 class=\"wp-block-heading\">Google&nbsp;SEO \u00c7al\u0131\u015fma Fiyat Listesi<\/h2>\n\n\n<p>[pricing_table color=&#8221;red&#8221; columns=&#8221;4&#8243; space=&#8221;no&#8221;]<\/p>\n<p>[pricing_caption name=&#8221;\u00c7alisma Planlar\u0131&#8221;]<\/p>\n<ul>\n<li>Sorumlu SEO Dan\u0131\u015fman\u0131<\/li>\n<li>Web Sitesi D\u00fczenleme<\/li>\n<li>\u0130tibar Y\u00f6netimi<\/li>\n<li>Rakip Analizi<\/li>\n<li>Backlink Deste\u011fi<\/li>\n<li>Teknik Destek<\/li>\n<li>\u0130\u00e7erik Geli\u015ftirme<\/li>\n<li>Platinyum SEO<\/li>\n<\/ul>\n<p>[\/pricing_caption]<\/p>\n<p>[pricing_column name=&#8221;D\u00fc\u015f\u00fck Rekabetli Kelime&#8221; highlight=&#8221;no&#8221; price=&#8221;. 749\u00a0TL&#8221; price_value=&#8221;ayl\u0131k&#8221; button_link=&#8221;https:\/\/www.turksem.com\/iletisim\/site-inceleme\/&#8221; button_text=&#8221;BA\u015eVUR&#8221;]<\/p>\n<ul>\n<li>Var<\/li>\n<li>Var (Yenileme Yok)<\/li>\n<li>K\u0131smi<\/li>\n<li>Yok<\/li>\n<li>Giri\u015f Seviyesi<\/li>\n<li>Var<\/li>\n<li>K\u0131smi<\/li>\n<li>Yok<\/li>\n<\/ul>\n<p>[\/pricing_column]<\/p>\n<p>[pricing_column name=&#8221;Orta Rekabetli Kelime&#8221; highlight=&#8221;yes&#8221; price=&#8221;. 1399\u00a0TL&#8221; price_value=&#8221;ayl\u0131k&#8221; button_link=&#8221;https:\/\/www.turksem.com\/iletisim\/site-inceleme\/&#8221; button_text=&#8221;BA\u015eVUR&#8221;]<\/p>\n<ul>\n<li>Var<\/li>\n<li>Var<\/li>\n<li>Orta<\/li>\n<li>Var<\/li>\n<li>Orta Seviye<\/li>\n<li>Var<\/li>\n<li>Orta Seviye<\/li>\n<li>Yok<\/li>\n<\/ul>\n<p>[\/pricing_column]<\/p>\n<p>[pricing_column name=&#8221;Y\u00fcksek Rekabetli Kelime&#8221; highlight=&#8221;no&#8221; price=&#8221;. 2499\u00a0TL&#8221; price_value=&#8221;ayl\u0131k&#8221; button_link=&#8221;https:\/\/www.turksem.com\/iletisim\/site-inceleme\/&#8221; button_text=&#8221;BA\u015eVUR&#8221;]<\/p>\n<ul>\n<li>Var<\/li>\n<li>Var<\/li>\n<li>Tam\u00a0Sorumluluk<\/li>\n<li>Var<\/li>\n<li>Yeterli Y\u00fcksek Seviye<\/li>\n<li>Var<\/li>\n<li>Y\u00fcksek Seviye<\/li>\n<li>Var<\/li>\n<\/ul>\n<p>[\/pricing_column]<\/p>\n<p>[\/pricing_table]<\/p>\n\n\n\n<p><\/p>\n\n\n<p>[subtitle]<strong>T\u00fcrk Sem<\/strong> &#8211; Size uygun plan\u0131 se\u00e7erek &#8220;BASVUR&#8221; baglant\u0131s\u0131n\u0131 t\u0131klay\u0131n.\u00a0\u00a0[\/subtitle]<\/p>\n\n\n\n<p>Fiyatlar\u0131m\u0131z ayl\u0131k olarak d\u00fc\u015f\u00fcn\u00fclmektedir. Bu fiyatlar siteden siteye de\u011fi\u015fiklik g\u00f6stermektedir. \u00c7\u00fcnk\u00fc neredeyse her site i\u00e7in uygulanan SEO stratejisi ve y\u00fckselmesi i\u00e7in harcanacak zaman farkl\u0131d\u0131r. Yukar\u0131da ki fiyatlar arama hacimlerine g\u00f6re yap\u0131lm\u0131\u015ft\u0131r. Kurumsal m\u00fc\u015fterilerimiz i\u00e7in y\u00fcz y\u00fcze g\u00f6r\u00fc\u015ferek fiyatlarda de\u011fi\u015fiklik yapabilmekteyiz.<\/p>\n\n\n\n<p><\/p>\n","protected":false},"excerpt":{"rendered":"<p>Bu i\u00e7erik Arama Motoru Optimizasyon (SEO) sayfas\u0131na \u00f6zel bir fiyatland\u0131rmad\u0131r. Google&nbsp;SEO \u00c7al\u0131\u015fma Fiyat Listesi Fiyatlar\u0131m\u0131z ayl\u0131k olarak d\u00fc\u015f\u00fcn\u00fclmektedir. Bu fiyatlar siteden siteye de\u011fi\u015fiklik g\u00f6stermektedir. \u00c7\u00fcnk\u00fc neredeyse her site i\u00e7in uygulanan SEO stratejisi ve y\u00fckselmesi i\u00e7in harcanacak zaman farkl\u0131d\u0131r. Yukar\u0131da ki fiyatlar arama hacimlerine g\u00f6re yap\u0131lm\u0131\u015ft\u0131r. Kurumsal m\u00fc\u015fterilerimiz i\u00e7in y\u00fcz y\u00fcze g\u00f6r\u00fc\u015ferek fiyatlarda de\u011fi\u015fiklik yapabilmekteyiz.<\/p>\n","protected":false},"author":1,"featured_media":618,"parent":0,"menu_order":0,"comment_status":"closed","ping_status":"closed","template":"","meta":{"footnotes":""},"class_list":["post-1058","page","type-page","status-publish","has-post-thumbnail","hentry"],"_links":{"self":[{"href":"https:\/\/otel.name.tr\/index.php\/wp-json\/wp\/v2\/pages\/1058","targetHints":{"allow":["GET"]}}],"collection":[{"href":"https:\/\/otel.name.tr\/index.php\/wp-json\/wp\/v2\/pages"}],"about":[{"href":"https:\/\/otel.name.tr\/index.php\/wp-json\/wp\/v2\/types\/page"}],"author":[{"embeddable":true,"href":"https:\/\/otel.name.tr\/index.php\/wp-json\/wp\/v2\/users\/1"}],"replies":[{"embeddable":true,"href":"https:\/\/otel.name.tr\/index.php\/wp-json\/wp\/v2\/comments?post=1058"}],"version-history":[{"count":0,"href":"https:\/\/otel.name.tr\/index.php\/wp-json\/wp\/v2\/pages\/1058\/revisions"}],"wp:featuredmedia":[{"embeddable":true,"href":"https:\/\/otel.name.tr\/index.php\/wp-json\/wp\/v2\/media\/618"}],"wp:attachment":[{"href":"https:\/\/otel.name.tr\/index.php\/wp-json\/wp\/v2\/media?parent=1058"}],"curies":[{"name":"wp","href":"https:\/\/api.w.org\/{rel}","templated":true}]}}