{"id":1460,"date":"2015-05-12T20:32:43","date_gmt":"2015-05-12T17:32:43","guid":{"rendered":"http:\/\/www.turksem.com\/?page_id=1460"},"modified":"2015-05-12T20:32:43","modified_gmt":"2015-05-12T17:32:43","slug":"biz-kimiz","status":"publish","type":"page","link":"https:\/\/otel.name.tr\/index.php\/biz-kimiz\/","title":{"rendered":"Biz Kimiz?"},"content":{"rendered":"<p style=\"text-align: justify;\"><strong>2005<\/strong> y\u0131l\u0131nda T\u00fcrkiye&#8217;nin ilk <b>Dijital Reklam<\/b>&nbsp;firmas\u0131 olan <span style=\"color: #800000;\"><strong>\u0130stanbul ADCO<\/strong><\/span> reklam ajans\u0131 firmam\u0131zdan sonra turizme ge\u00e7i\u015f yapt\u0131k. Turizm \u00fczerine uzun y\u0131llard\u0131r \u00e7al\u0131\u015fmalar\u0131m\u0131z devam etmektedir. Fakat <strong>Google Ads<\/strong> ve <strong>SEO<\/strong> hususuna ilgimiz devam etti. Bu konuda ilk firma olman\u0131n ve en yeti\u015fmi\u015f bilgiye sahip olman\u0131n getirilerinden birisi bu tecr\u00fcbeden yararlanmak isteyen bir \u00e7ok dost kurumun bulunmas\u0131yd\u0131. En sonunda bilgi ve tecr\u00fcbemizi kurumsal d\u00fc\u015f\u00fcnen, sistemi oturmu\u015f, d\u00fczenli ve tertipli \u00e7al\u0131\u015fan bir firma kurarak kendi se\u00e7ece\u011fimiz kurumlara ait web sayfalar\u0131 \u00fczerinde kullanmaya karar verdik.<\/p>\n<blockquote><p><strong>T\u00fcrk SEM SEO Y\u00f6neticisi Tahir Din\u00e7<\/strong> ilk sitesini 1999 y\u0131l\u0131nda \u00e7al\u0131\u015fmalara ba\u015flam\u0131\u015f, 2001 y\u0131l\u0131nda ilk sitesini yay\u0131nlam\u0131\u015ft\u0131r. 2004 y\u0131l\u0131nda ODP (Open Directory Project) edit\u00f6r\u00fc olmu\u015ftur.<\/p><\/blockquote>\n<p><strong>\u00c7al\u0131\u015faca\u011f\u0131m\u0131z firmalar \u00fczerinde olabildi\u011fince titiz bir se\u00e7im uygulad\u0131\u011f\u0131m\u0131za emin olabilirsiniz.<\/strong><\/p>\n<div>\n<table border=\"0\" width=\"100%\" cellspacing=\"0\">\n<tbody>\n<tr>\n<td style=\"text-align: center;\"><b><a href=\"https:\/\/www.turksem.com\/tahir-dinc\/\">Tahir Din\u00e7<br>\n<\/a><\/b>Proje Y\u00f6neticisi<br>\n<img decoding=\"async\" class=\"aligncenter\" src=\"https:\/\/otel.name.tr\/wp-content\/uploads\/2015\/05\/tahirdinc1.jpg\" alt=\"\" width=\"177\" height=\"171\" border=\"0\"><\/td>\n<td style=\"text-align: center;\"><b><a href=\"https:\/\/www.turksem.com\/melih-dinar\/\">Melih Dinar<\/a><br>\n<\/b>Adwords Uzman\u0131<br>\n<img decoding=\"async\" class=\"aligncenter\" src=\"https:\/\/otel.name.tr\/wp-content\/uploads\/2015\/05\/melihdinar.jpg\" alt=\"\" width=\"175\" height=\"177\" border=\"0\"><\/td>\n<td style=\"text-align: center;\"><\/td>\n<\/tr>\n<tr>\n<td style=\"text-align: center;\"><span style=\"color: #ffffff;\">.<br>\n.<\/span><\/td>\n<td><\/td>\n<td><\/td>\n<\/tr>\n<tr>\n<td style=\"text-align: center;\"><strong><a href=\"https:\/\/www.turksem.com\/celal-dinc\/\">Celal Din\u00e7<\/a><\/strong><br>\nYaz\u0131l\u0131m M\u00fchendisi<br>\n<img decoding=\"async\" class=\"wp-image-3657 aligncenter\" src=\"https:\/\/otel.name.tr\/wp-content\/uploads\/2022\/10\/celal-dinc-300x300.jpg\" alt=\"\" width=\"185\" height=\"185\" srcset=\"https:\/\/otel.name.tr\/wp-content\/uploads\/2022\/10\/celal-dinc-300x300.jpg 300w, https:\/\/otel.name.tr\/wp-content\/uploads\/2022\/10\/celal-dinc-1024x1024.jpg 1024w, https:\/\/otel.name.tr\/wp-content\/uploads\/2022\/10\/celal-dinc-150x150.jpg 150w, https:\/\/otel.name.tr\/wp-content\/uploads\/2022\/10\/celal-dinc-768x768.jpg 768w, https:\/\/otel.name.tr\/wp-content\/uploads\/2022\/10\/celal-dinc.jpg 1080w\" sizes=\"(max-width: 185px) 100vw, 185px\" \/><\/td>\n<td><\/td>\n<td><\/td>\n<\/tr>\n<\/tbody>\n<\/table>\n<\/div>\n<p>&#8230;.<\/p>\n<p><strong style=\"font-size: revert; text-align: justify; color: initial;\">T\u00fcrk SEM kurucular\u0131na ait 200 web sayfas\u0131na 5 milyon ziyaret\u00e7i<\/strong><\/p>\n<p style=\"text-align: justify;\"><strong>2003<\/strong> y\u0131l\u0131ndan bu yana sekt\u00f6r\u00fcn i\u00e7erisinde bulunan kadromuz <strong>2005<\/strong> y\u0131l\u0131 T\u00fcrkiye&#8217;nin ilk SEO ve SEM bar\u0131nd\u0131ran firmas\u0131 \u0130stanbul ADCO \u00e7al\u0131\u015fmas\u0131ndan sonra tekrar T\u00fcrk Sem olarak \u00e7al\u0131\u015fmalar\u0131m\u0131za ba\u015flad\u0131k. Kurucu ortaklar\u0131m\u0131za ait <strong>200<\/strong> civar\u0131 web sayfas\u0131na ayl\u0131k olarak gelen <strong>5 milyonluk<\/strong> ziyaret\u00e7iyi y\u00f6netmekteyiz.<\/p>\n<p style=\"text-align: justify;\">SEM hizmeti sa\u011flad\u0131\u011f\u0131m\u0131z firmalarla beraber T\u00fcrkiye&#8217;de en fazla ziyaret\u00e7iyi y\u00f6neten <strong>20<\/strong>&nbsp;olu\u015fumdan da birisiyiz.<\/p>\n<blockquote>\n<p style=\"text-align: justify;\">\u015eimdi T\u00fcrk SEM ile \u00e7al\u0131\u015fmak i\u00e7in teklifinizi g\u00f6nderebilirsiniz. G\u00f6ndermek i\u00e7in <span style=\"color: #000080;\">SEM Ba\u015fvuru<\/span> formunu doldurun.<\/p>\n<\/blockquote>\n\n\n<h2 class=\"wp-block-heading\">T\u00fcrk SEM Markam\u0131z Hakk\u0131nda<\/h2>\n\n\n\n<p><a href=\"https:\/\/otel.name.tr\/wp-content\/uploads\/2023\/06\/Turk-SEM-Marka-Tescil.pdf\">Marka Tescil Belgemiz<\/a><\/p>\n\n\n\n<p><\/p>\n","protected":false},"excerpt":{"rendered":"<p>2005 y\u0131l\u0131nda T\u00fcrkiye&#8217;nin ilk Dijital Reklam&nbsp;firmas\u0131 olan \u0130stanbul ADCO reklam ajans\u0131 firmam\u0131zdan sonra turizme ge\u00e7i\u015f yapt\u0131k. Turizm \u00fczerine uzun y\u0131llard\u0131r \u00e7al\u0131\u015fmalar\u0131m\u0131z devam etmektedir. Fakat Google Ads ve SEO hususuna ilgimiz devam etti. Bu konuda ilk firma olman\u0131n ve en yeti\u015fmi\u015f bilgiye sahip olman\u0131n getirilerinden birisi bu tecr\u00fcbeden yararlanmak isteyen bir \u00e7ok dost kurumun bulunmas\u0131yd\u0131. En [&hellip;]<\/p>\n","protected":false},"author":1,"featured_media":0,"parent":0,"menu_order":0,"comment_status":"closed","ping_status":"open","template":"","meta":{"footnotes":""},"class_list":["post-1460","page","type-page","status-publish","hentry"],"_links":{"self":[{"href":"https:\/\/otel.name.tr\/index.php\/wp-json\/wp\/v2\/pages\/1460","targetHints":{"allow":["GET"]}}],"collection":[{"href":"https:\/\/otel.name.tr\/index.php\/wp-json\/wp\/v2\/pages"}],"about":[{"href":"https:\/\/otel.name.tr\/index.php\/wp-json\/wp\/v2\/types\/page"}],"author":[{"embeddable":true,"href":"https:\/\/otel.name.tr\/index.php\/wp-json\/wp\/v2\/users\/1"}],"replies":[{"embeddable":true,"href":"https:\/\/otel.name.tr\/index.php\/wp-json\/wp\/v2\/comments?post=1460"}],"version-history":[{"count":0,"href":"https:\/\/otel.name.tr\/index.php\/wp-json\/wp\/v2\/pages\/1460\/revisions"}],"wp:attachment":[{"href":"https:\/\/otel.name.tr\/index.php\/wp-json\/wp\/v2\/media?parent=1460"}],"curies":[{"name":"wp","href":"https:\/\/api.w.org\/{rel}","templated":true}]}}