{"id":1518,"date":"2015-05-12T23:10:59","date_gmt":"2015-05-12T20:10:59","guid":{"rendered":"http:\/\/www.turksem.com\/?page_id=1518"},"modified":"2015-05-12T23:10:59","modified_gmt":"2015-05-12T20:10:59","slug":"insan-kaynaklari","status":"publish","type":"page","link":"https:\/\/otel.name.tr\/index.php\/insan-kaynaklari\/","title":{"rendered":"\u0130nsan Kaynaklar\u0131"},"content":{"rendered":"<p>[one_third_column] <b>[contact-form-7 id=&#8221;1517&#8243; title=&#8221;\u0130\u015fBa\u015fvuruFormu&#8221;]<\/b> [\/one_third_column]<\/p>\n<p>[two_third_column]<\/p>\n<h4><strong>\u0130nsan Kaynaklar\u0131na Ba\u015fvuru Hakk\u0131nda<\/strong><\/h4>\n<p><img fetchpriority=\"high\" decoding=\"async\" class=\"alignnone size-full wp-image-1527\" src=\"https:\/\/otel.name.tr\/wp-content\/uploads\/2015\/05\/insan-kaynaklari-banner.jpg\" alt=\"insan-kaynaklari-banner\" width=\"750\" height=\"210\" \/><\/p>\n<p style=\"text-align: justify;\">\u00d6ncelikle bizimle \u00e7al\u0131\u015fma iste\u011finiz i\u00e7in te\u015fekk\u00fcr ederiz. <strong>T\u00fcrk Sem<\/strong> olarak geli\u015fen kadromuza devaml\u0131 yeni personel al\u0131mlar\u0131 ger\u00e7ekle\u015ftiriyoruz. Personel al\u0131mlar\u0131m\u0131zda titiz bir se\u00e7im s\u00fcreci ge\u00e7irmekteyiz. \u015eu an i\u00e7in sol k\u0131s\u0131mda bulunan pozisyonlar i\u00e7in personel aramaktay\u0131z.<\/p>\n<p style=\"text-align: justify;\"><strong>Ba\u015fvurunuzda Olmas\u0131 Gerekenler<\/strong><\/p>\n<ul>\n<li>L\u00fctfen ba\u015fvurunuzda \u00f6z ge\u00e7mi\u015finizi anlat\u0131rken T\u00fcrk\u00e7e dil kurallar\u0131na uygun bir yaz\u0131 yaz\u0131n\u0131z.<\/li>\n<li>Foto\u011fraf\u0131n\u0131zda y\u00fcz\u00fcn\u00fcz a\u00e7\u0131k ve anla\u015f\u0131l\u0131r olmal\u0131.<\/li>\n<li>Askerlik yap\u0131lmam\u0131\u015fsa bunu \u00f6z ge\u00e7mi\u015finizde belirtiniz.<\/li>\n<li>\u00dcniversite okumad\u0131ysan\u0131z o k\u0131sm\u0131 bo\u015f b\u0131rak\u0131n\u0131z.<\/li>\n<li><strong>T\u00fcrk\u00e7e Dili Alan\u0131nda<\/strong> ba\u015fvuru yapacaklar, ak\u0131c\u0131 bir \u015fekilde makaleler olu\u015fturabilmeli ve T\u00fcrk\u00e7e dili kurallar\u0131na ayk\u0131r\u0131 olan hatalar\u0131 bulup, do\u011frusunu yazabilmelidir.<\/li>\n<li>Facebook \u00fcyeli\u011finiz yoksa bunu ilgili k\u0131s\u0131mda belirtiniz. <\/li>\n<\/ul>\n","protected":false},"excerpt":{"rendered":"<p>[one_third_column] [contact-form-7 id=&#8221;1517&#8243; title=&#8221;\u0130\u015fBa\u015fvuruFormu&#8221;] [\/one_third_column] [two_third_column] \u0130nsan Kaynaklar\u0131na Ba\u015fvuru Hakk\u0131nda \u00d6ncelikle bizimle \u00e7al\u0131\u015fma iste\u011finiz i\u00e7in te\u015fekk\u00fcr ederiz. T\u00fcrk Sem olarak geli\u015fen kadromuza devaml\u0131 yeni personel al\u0131mlar\u0131 ger\u00e7ekle\u015ftiriyoruz. Personel al\u0131mlar\u0131m\u0131zda titiz bir se\u00e7im s\u00fcreci ge\u00e7irmekteyiz. \u015eu an i\u00e7in sol k\u0131s\u0131mda bulunan pozisyonlar i\u00e7in personel aramaktay\u0131z. Ba\u015fvurunuzda Olmas\u0131 Gerekenler L\u00fctfen ba\u015fvurunuzda \u00f6z ge\u00e7mi\u015finizi anlat\u0131rken T\u00fcrk\u00e7e dil kurallar\u0131na [&hellip;]<\/p>\n","protected":false},"author":1,"featured_media":0,"parent":0,"menu_order":0,"comment_status":"open","ping_status":"open","template":"","meta":{"footnotes":""},"class_list":["post-1518","page","type-page","status-publish","hentry"],"_links":{"self":[{"href":"https:\/\/otel.name.tr\/index.php\/wp-json\/wp\/v2\/pages\/1518","targetHints":{"allow":["GET"]}}],"collection":[{"href":"https:\/\/otel.name.tr\/index.php\/wp-json\/wp\/v2\/pages"}],"about":[{"href":"https:\/\/otel.name.tr\/index.php\/wp-json\/wp\/v2\/types\/page"}],"author":[{"embeddable":true,"href":"https:\/\/otel.name.tr\/index.php\/wp-json\/wp\/v2\/users\/1"}],"replies":[{"embeddable":true,"href":"https:\/\/otel.name.tr\/index.php\/wp-json\/wp\/v2\/comments?post=1518"}],"version-history":[{"count":0,"href":"https:\/\/otel.name.tr\/index.php\/wp-json\/wp\/v2\/pages\/1518\/revisions"}],"wp:attachment":[{"href":"https:\/\/otel.name.tr\/index.php\/wp-json\/wp\/v2\/media?parent=1518"}],"curies":[{"name":"wp","href":"https:\/\/api.w.org\/{rel}","templated":true}]}}