{"id":1594,"date":"2015-05-20T15:53:53","date_gmt":"2015-05-20T12:53:53","guid":{"rendered":"http:\/\/www.turksem.com\/?page_id=1594"},"modified":"2015-05-20T15:53:53","modified_gmt":"2015-05-20T12:53:53","slug":"site-inceleme","status":"publish","type":"page","link":"https:\/\/otel.name.tr\/index.php\/iletisim\/site-inceleme\/","title":{"rendered":"\u00dccretsiz Site \u0130nceleme"},"content":{"rendered":"<p style=\"text-align: center;\"><strong>Bizi Tercih Etti\u011finiz \u0130\u00e7in Te\u015fekk\u00fcr Ederiz.<\/strong><\/p>\n<p style=\"text-align: center;\">Yukar\u0131 k\u0131s\u0131mdaki form arac\u0131l\u0131\u011f\u0131yla &#8220;<strong>site inceleme raporu<\/strong>&#8221; ve teklif formu g\u00f6nderilecektir.<\/p>\n","protected":false},"excerpt":{"rendered":"<p>Bizi Tercih Etti\u011finiz \u0130\u00e7in Te\u015fekk\u00fcr Ederiz. Yukar\u0131 k\u0131s\u0131mdaki form arac\u0131l\u0131\u011f\u0131yla &#8220;site inceleme raporu&#8221; ve teklif formu g\u00f6nderilecektir.<\/p>\n","protected":false},"author":1,"featured_media":0,"parent":1494,"menu_order":0,"comment_status":"open","ping_status":"open","template":"","meta":{"footnotes":""},"class_list":["post-1594","page","type-page","status-publish","hentry"],"_links":{"self":[{"href":"https:\/\/otel.name.tr\/index.php\/wp-json\/wp\/v2\/pages\/1594","targetHints":{"allow":["GET"]}}],"collection":[{"href":"https:\/\/otel.name.tr\/index.php\/wp-json\/wp\/v2\/pages"}],"about":[{"href":"https:\/\/otel.name.tr\/index.php\/wp-json\/wp\/v2\/types\/page"}],"author":[{"embeddable":true,"href":"https:\/\/otel.name.tr\/index.php\/wp-json\/wp\/v2\/users\/1"}],"replies":[{"embeddable":true,"href":"https:\/\/otel.name.tr\/index.php\/wp-json\/wp\/v2\/comments?post=1594"}],"version-history":[{"count":0,"href":"https:\/\/otel.name.tr\/index.php\/wp-json\/wp\/v2\/pages\/1594\/revisions"}],"up":[{"embeddable":true,"href":"https:\/\/otel.name.tr\/index.php\/wp-json\/wp\/v2\/pages\/1494"}],"wp:attachment":[{"href":"https:\/\/otel.name.tr\/index.php\/wp-json\/wp\/v2\/media?parent=1594"}],"curies":[{"name":"wp","href":"https:\/\/api.w.org\/{rel}","templated":true}]}}