{"id":1605,"date":"2015-05-20T17:01:57","date_gmt":"2015-05-20T14:01:57","guid":{"rendered":"http:\/\/www.turksem.com\/?page_id=1605"},"modified":"2015-05-20T17:01:57","modified_gmt":"2015-05-20T14:01:57","slug":"anlasmali-ajanslarimiz","status":"publish","type":"page","link":"https:\/\/otel.name.tr\/index.php\/anlasmali-ajanslarimiz\/","title":{"rendered":"Anla\u015fmal\u0131 Ajanslar\u0131m\u0131zla SEO Konusunda G\u00f6r\u00fc\u015fme Yapabilirsiniz"},"content":{"rendered":"<p><strong>T\u00fcrk SEM, 2024&#8217;de Web Tasar\u0131m Ekibi Kurdu. \u015eimdi <a href=\"https:\/\/www.turksem.com\/web-tasarim-ajansi\">Web Tasar\u0131m \u00e7al\u0131\u015fmalar\u0131n\u0131 direk T\u00fcrk SEM \u00fczerinden yapabilirsiniz.<\/a><\/strong><\/p>\n<blockquote>\n<p style=\"text-align: justify;\">Anla\u015fmal\u0131 web tasar\u0131m ofisleri ve reklam ajanslar\u0131 <strong>T\u00fcrk Sem i\u015f ortaklar\u0131<\/strong>d\u0131r. Yapt\u0131klar\u0131 web sayfalar\u0131nda T\u00fcrk Sem etkisi mevcuttur. Ayn\u0131 zamanda <strong>geli\u015fmi\u015f SEO se\u00e7enekleri<\/strong> i\u00e7inde T\u00fcrk Sem ad\u0131na konu\u015fup anla\u015fma yapabilirler.<\/p>\n<\/blockquote>\n","protected":false},"excerpt":{"rendered":"<p>T\u00fcrk SEM, 2024&#8217;de Web Tasar\u0131m Ekibi Kurdu. \u015eimdi Web Tasar\u0131m \u00e7al\u0131\u015fmalar\u0131n\u0131 direk T\u00fcrk SEM \u00fczerinden yapabilirsiniz. Anla\u015fmal\u0131 web tasar\u0131m ofisleri ve reklam ajanslar\u0131 T\u00fcrk Sem i\u015f ortaklar\u0131d\u0131r. Yapt\u0131klar\u0131 web sayfalar\u0131nda T\u00fcrk Sem etkisi mevcuttur. Ayn\u0131 zamanda geli\u015fmi\u015f SEO se\u00e7enekleri i\u00e7inde T\u00fcrk Sem ad\u0131na konu\u015fup anla\u015fma yapabilirler.<\/p>\n","protected":false},"author":1,"featured_media":0,"parent":0,"menu_order":0,"comment_status":"open","ping_status":"open","template":"","meta":{"footnotes":""},"class_list":["post-1605","page","type-page","status-publish","hentry"],"_links":{"self":[{"href":"https:\/\/otel.name.tr\/index.php\/wp-json\/wp\/v2\/pages\/1605","targetHints":{"allow":["GET"]}}],"collection":[{"href":"https:\/\/otel.name.tr\/index.php\/wp-json\/wp\/v2\/pages"}],"about":[{"href":"https:\/\/otel.name.tr\/index.php\/wp-json\/wp\/v2\/types\/page"}],"author":[{"embeddable":true,"href":"https:\/\/otel.name.tr\/index.php\/wp-json\/wp\/v2\/users\/1"}],"replies":[{"embeddable":true,"href":"https:\/\/otel.name.tr\/index.php\/wp-json\/wp\/v2\/comments?post=1605"}],"version-history":[{"count":0,"href":"https:\/\/otel.name.tr\/index.php\/wp-json\/wp\/v2\/pages\/1605\/revisions"}],"wp:attachment":[{"href":"https:\/\/otel.name.tr\/index.php\/wp-json\/wp\/v2\/media?parent=1605"}],"curies":[{"name":"wp","href":"https:\/\/api.w.org\/{rel}","templated":true}]}}