{"id":1699,"date":"2015-05-31T02:28:57","date_gmt":"2015-05-30T23:28:57","guid":{"rendered":"http:\/\/www.turksem.com\/?page_id=1699"},"modified":"2015-05-31T02:28:57","modified_gmt":"2015-05-30T23:28:57","slug":"twitter","status":"publish","type":"page","link":"https:\/\/otel.name.tr\/index.php\/twitter\/","title":{"rendered":"Twitter"},"content":{"rendered":"<p style=\"text-align: justify;\">SEO \u00fczerine 3 temel \u00e7al\u0131\u015fma alan\u0131m\u0131zdan birisi olan Twitter, Sosyal Medya&#8217;n\u0131n kalbi konumunda. T\u00fcrk Sem olarakta <strong>onlarca b\u00fcy\u00fck Twitter hesab\u0131 ile direk ileti\u015fim i\u00e7erisindeyiz<\/strong>. \u0130\u015flevsel bir SEO i\u00e7in, SEO \u00e7al\u0131\u015fmas\u0131 yapt\u0131\u011f\u0131m\u0131z web sayfadan yararlanabilecek, \u00fcr\u00fcn alabilecek kitleye ula\u015f\u0131m gereklidir. Bu sebeple Twitter \u00fczerinden bu kitleye ula\u015fmay\u0131 hedefliyoruz. Fakat ana politikam\u0131z ise &#8220;<span style=\"text-decoration: underline;\">Y\u00fcksek Takipcili Twitter<\/span>&#8221; hesaplar\u0131 \u00fczerinden bol tan\u0131t\u0131m olarak de\u011fil, payla\u015f\u0131ma a\u00e7\u0131k i\u00e7erikler \u00fcretilmesi noktas\u0131nday\u0131z.<\/p>\n<h4 style=\"text-align: justify;\"><strong>Firman\u0131za Ait Twitter Hesaplar\u0131 \u00dczerinde \u00c7al\u0131\u015f\u0131yor Muyuz?<\/strong><\/h4>\n<p style=\"text-align: justify;\">T\u00fcrk Sem b\u00fcnyesinde Sosyal Medya dan\u0131\u015fman\u0131m\u0131z mevcuttur. <strong>SEO Hizmeti<\/strong> verdi\u011fimiz kurumlar\u0131n e\u011fer &#8220;<span style=\"color: #008000;\">Sosyal Medya Dan\u0131\u015fman\u0131<\/span>&#8221; yoksa bu hususta \u00e7al\u0131\u015fmalar\u0131 da <strong>\u00fccretsiz<\/strong> olarak \u00fcstleniyoruz. \u00c7\u00fcnk\u00fc iyi bir SEO i\u00e7in t\u00fcm fakt\u00f6rlerin hesaplanmas\u0131 ve kaliteli bir \u015fekilde hareket etmesi gereklidir.<\/p>\n<h4 style=\"text-align: justify;\"><img decoding=\"async\" class=\" size-full wp-image-1417 alignright\" src=\"https:\/\/otel.name.tr\/wp-content\/uploads\/2013\/02\/twitterlogo.png\" alt=\"twitterlogo\" width=\"220\" height=\"156\" \/><strong>Twitter Dan\u0131\u015fmanl\u0131\u011f\u0131 \u0130\u00e7erisinde Neler Bar\u0131nd\u0131r<\/strong><\/h4>\n<ol>\n<li style=\"text-align: justify;\">Twitter hesab\u0131 yeni takipcilerin kontrol\u00fc<\/li>\n<li style=\"text-align: justify;\">Takipcilerin yorum ve etkinlik takibi<\/li>\n<li style=\"text-align: justify;\">Yeniliklerle alakal\u0131 Twitler at\u0131lmas\u0131<\/li>\n<li style=\"text-align: justify;\">Yeni takipciler i\u00e7in proje geli\u015ftirmek<\/li>\n<li style=\"text-align: justify;\">Kabul edilen projeleri uygulamak<\/li>\n<li style=\"text-align: justify;\">Twitter hesab\u0131 hakk\u0131nda geli\u015fmelerin raporlanmas\u0131<\/li>\n<li style=\"text-align: justify;\">Kendi g\u00f6r\u00fc\u015fleriyle de\u011ferlendirme sunmak<\/li>\n<\/ol>\n<h4><strong>Twitter Reklamlar\u0131yla \u0130lgilenilmesi<\/strong><\/h4>\n<p>Twitter reklam s\u00fcre\u00e7leriyle ilgilenmesi tamamen \u00f6zel ilgi isteyen ve vakit alan bir uygulamad\u0131r. Bu hususta \u00f6nemli birikimler elde etmi\u015f kadromuzla Twitter reklamlar\u0131 programlay\u0131p, d\u00f6n\u00fc\u015f\u00fcm takibi ve de\u011ferlendirme hizmetlerini sunmaktay\u0131z. Hedef kitleye direk ula\u015f\u0131m, her platformda m\u00fc\u015fterinizi kaybetmemeniz a\u00e7\u0131s\u0131ndan Twitter reklamlar\u0131n\u0131 \u00f6nemsiyoruz.<\/p>\n<blockquote><p>Firmalar i\u00e7in her ge\u00e7en g\u00fcn reklam modellerini art\u0131ran Twitter, bizim i\u00e7in en i\u015flevsel reklam modeli olarak <strong><a href=\"https:\/\/business.twitter.com\/success-stories\">Success Stories<\/a><\/strong> modeli uygulanabilir durumdad\u0131r.<\/p><\/blockquote>\n<h4 style=\"text-align: justify;\">Kendimize Ait Twitter Hesaplar\u0131 Var M\u0131?<\/h4>\n<p style=\"text-align: justify;\">Kendimize ait <strong>Twitter<\/strong> ve <strong>Facebook<\/strong> sayfalar\u0131 mevcuttur. Genelde sayfalar\u0131m\u0131z Turizm \u00fczerinedir. Her g\u00fcn bir i\u00e7eril payla\u015fmakta ve takipcilerimiz i\u00e7in yararl\u0131 g\u00f6rd\u00fc\u011f\u00fcm\u00fcz linkleri aktarmaktay\u0131z.<\/p>\n<p style=\"text-align: justify;\">Daha Detayl\u0131 Sunum \u0130\u00e7in \u0130leti\u015fime Ge\u00e7in<\/p>\n<p style=\"text-align: justify;\">Firman\u0131zla ve sekt\u00f6r\u00fcn\u00fczle alakal\u0131 incelemeler yaparak detayl\u0131 sunum g\u00f6sterebilmemiz i\u00e7in bizimle ileti\u015fime ge\u00e7in. \u0130leti\u015fime ge\u00e7mek i\u00e7in <strong><a href=\"https:\/\/www.turksem.com\/iletisim\/\">T\u00fcrk Sem ileti\u015fim<\/a><\/strong> ba\u011flant\u0131s\u0131n\u0131 kullanabilirsiniz.<\/p>\n<p>&nbsp;<\/p>\n","protected":false},"excerpt":{"rendered":"<p>SEO \u00fczerine 3 temel \u00e7al\u0131\u015fma alan\u0131m\u0131zdan birisi olan Twitter, Sosyal Medya&#8217;n\u0131n kalbi konumunda. T\u00fcrk Sem olarakta onlarca b\u00fcy\u00fck Twitter hesab\u0131 ile direk ileti\u015fim i\u00e7erisindeyiz. \u0130\u015flevsel bir SEO i\u00e7in, SEO \u00e7al\u0131\u015fmas\u0131 yapt\u0131\u011f\u0131m\u0131z web sayfadan yararlanabilecek, \u00fcr\u00fcn alabilecek kitleye ula\u015f\u0131m gereklidir. Bu sebeple Twitter \u00fczerinden bu kitleye ula\u015fmay\u0131 hedefliyoruz. Fakat ana politikam\u0131z ise &#8220;Y\u00fcksek Takipcili Twitter&#8221; hesaplar\u0131 [&hellip;]<\/p>\n","protected":false},"author":1,"featured_media":0,"parent":0,"menu_order":0,"comment_status":"open","ping_status":"open","template":"","meta":{"footnotes":""},"class_list":["post-1699","page","type-page","status-publish","hentry"],"_links":{"self":[{"href":"https:\/\/otel.name.tr\/index.php\/wp-json\/wp\/v2\/pages\/1699","targetHints":{"allow":["GET"]}}],"collection":[{"href":"https:\/\/otel.name.tr\/index.php\/wp-json\/wp\/v2\/pages"}],"about":[{"href":"https:\/\/otel.name.tr\/index.php\/wp-json\/wp\/v2\/types\/page"}],"author":[{"embeddable":true,"href":"https:\/\/otel.name.tr\/index.php\/wp-json\/wp\/v2\/users\/1"}],"replies":[{"embeddable":true,"href":"https:\/\/otel.name.tr\/index.php\/wp-json\/wp\/v2\/comments?post=1699"}],"version-history":[{"count":0,"href":"https:\/\/otel.name.tr\/index.php\/wp-json\/wp\/v2\/pages\/1699\/revisions"}],"wp:attachment":[{"href":"https:\/\/otel.name.tr\/index.php\/wp-json\/wp\/v2\/media?parent=1699"}],"curies":[{"name":"wp","href":"https:\/\/api.w.org\/{rel}","templated":true}]}}