{"id":1866,"date":"2015-06-07T04:33:17","date_gmt":"2015-06-07T01:33:17","guid":{"rendered":"http:\/\/www.turksem.com\/?page_id=1866"},"modified":"2015-06-07T04:33:17","modified_gmt":"2015-06-07T01:33:17","slug":"melih-dinar-2","status":"publish","type":"page","link":"https:\/\/otel.name.tr\/index.php\/melih-dinar-2\/","title":{"rendered":"Melih Dinar"},"content":{"rendered":"<p style=\"text-align: justify;\">2003 y\u0131l\u0131nda ilk \u0130nternet sitesini tasarlayan Dinar, <strong>ASP.Net<\/strong> konusunda ileri bilgiye sahiptir. T\u00fcrkiye&#8217;nin en b\u00fcy\u00fck 100 markas\u0131 i\u00e7erisinde bir \u00e7ok firmada <strong>Proje Geli\u015ftirme<\/strong> ve <strong>Adwords Reklam Program\u0131<\/strong> g\u00f6revlerinde bulunmu\u015ftur. T\u00fcrk Sem, kurucu orta\u011f\u0131 olup Adwords sorumlulu\u011funu \u00fcstlenir.<\/p>\n<h4 style=\"text-align: justify;\"><strong>Adwords Sertifikas\u0131\u00a0Belgesi<\/strong><\/h4>\n<p style=\"text-align: justify;\">G\u00fcn\u00fcm\u00fczde onayl\u0131 &#8220;<strong>Google Adwords Sertifikas\u0131<\/strong>&#8221; bulunmaktad\u0131r. Firmalar i\u00e7in Google reklamlar\u0131n\u0131 y\u00f6netirken, girdileri hesaplamakta ve geri d\u00f6n\u00fc\u015f kalitesini kontrol etmektedir. Aksiyon alan kullan\u0131c\u0131 kontrol\u00fcyle reklam stratejisine y\u00f6n verir.<\/p>\n<h2 style=\"text-align: justify;\"><strong><img fetchpriority=\"high\" decoding=\"async\" class=\" size-full wp-image-1868 alignright\" src=\"https:\/\/otel.name.tr\/wp-content\/uploads\/2015\/06\/melih-dinar.jpg\" alt=\"melih-dinar\" width=\"260\" height=\"300\" \/><\/strong>Google Ads Uzman\u0131<\/h2>\n<p style=\"text-align: justify;\">T\u00fcrk Sem firmam\u0131za gelen reklam programlar\u0131 ile ilgili genel \u00e7al\u0131\u015fmalar\u0131 y\u00f6netir. Girdileri hesaplar ve aksiyon alan kullan\u0131c\u0131lar\u0131 belirler. Hangi reklam\u0131n verilece\u011fi \u00fczerinde kararlar Dinar&#8217;a aittir. Reklam politikas\u0131 toplant\u0131larda belirlense de Adwords \u00fczerine son ve kritik kararlar Dinar taraf\u0131ndan verilir.<\/p>\n<p style=\"text-align: justify;\">[blockquote author=&#8221;Melih Dinar&#8221;] Ba\u015far\u0131y\u0131 ustal\u0131kla yap\u0131lm\u0131\u015f bir binaya benzetirsek, bir kolonu reklam (Adwords, Sosyal Medya ve Di\u011fer Web siteleri yani Inbound Pazarlama \u0130\u00e7erisindeki Reklam Alanlar\u0131) di\u011feri kolonu ise do\u011fal arama sonu\u00e7lar\u0131 (SEO) olu\u015fturur. Ba\u015far\u0131daki mesele bu inan\u0131lmaz b\u00fcy\u00fck veri giri\u015fini y\u00f6netmektir. Ba\u015far\u0131y\u0131 getirende asl\u0131nda y\u00f6netebilecek kadroyla \u00e7al\u0131\u015fmakta\u00a0sakl\u0131d\u0131r.\u00a0[\/blockquote]<\/p>\n<h4 style=\"text-align: justify;\"><strong>Ki\u015fisel Bilgiler<\/strong><\/h4>\n<p style=\"text-align: justify;\"><span style=\"color: #800000;\">\u0130sim Soyad : Melih Dinar<\/span><br \/>\n<span style=\"color: #800000;\"> Ya\u015fad\u0131\u011f\u0131 Yer : \u00c7ekmek\u00f6y \/ \u0130stanbul<\/span><br \/>\n<span style=\"color: #800000;\"> Telefon : 0216 740 00 34<\/span><\/p>\n","protected":false},"excerpt":{"rendered":"<p>2003 y\u0131l\u0131nda ilk \u0130nternet sitesini tasarlayan Dinar, ASP.Net konusunda ileri bilgiye sahiptir. T\u00fcrkiye&#8217;nin en b\u00fcy\u00fck 100 markas\u0131 i\u00e7erisinde bir \u00e7ok firmada Proje Geli\u015ftirme ve Adwords Reklam Program\u0131 g\u00f6revlerinde bulunmu\u015ftur. T\u00fcrk Sem, kurucu orta\u011f\u0131 olup Adwords sorumlulu\u011funu \u00fcstlenir. Adwords Sertifikas\u0131\u00a0Belgesi G\u00fcn\u00fcm\u00fczde onayl\u0131 &#8220;Google Adwords Sertifikas\u0131&#8221; bulunmaktad\u0131r. Firmalar i\u00e7in Google reklamlar\u0131n\u0131 y\u00f6netirken, girdileri hesaplamakta ve geri d\u00f6n\u00fc\u015f [&hellip;]<\/p>\n","protected":false},"author":1,"featured_media":0,"parent":0,"menu_order":0,"comment_status":"open","ping_status":"open","template":"","meta":{"footnotes":""},"class_list":["post-1866","page","type-page","status-publish","hentry"],"_links":{"self":[{"href":"https:\/\/otel.name.tr\/index.php\/wp-json\/wp\/v2\/pages\/1866","targetHints":{"allow":["GET"]}}],"collection":[{"href":"https:\/\/otel.name.tr\/index.php\/wp-json\/wp\/v2\/pages"}],"about":[{"href":"https:\/\/otel.name.tr\/index.php\/wp-json\/wp\/v2\/types\/page"}],"author":[{"embeddable":true,"href":"https:\/\/otel.name.tr\/index.php\/wp-json\/wp\/v2\/users\/1"}],"replies":[{"embeddable":true,"href":"https:\/\/otel.name.tr\/index.php\/wp-json\/wp\/v2\/comments?post=1866"}],"version-history":[{"count":0,"href":"https:\/\/otel.name.tr\/index.php\/wp-json\/wp\/v2\/pages\/1866\/revisions"}],"wp:attachment":[{"href":"https:\/\/otel.name.tr\/index.php\/wp-json\/wp\/v2\/media?parent=1866"}],"curies":[{"name":"wp","href":"https:\/\/api.w.org\/{rel}","templated":true}]}}