{"id":2161,"date":"2015-12-14T15:19:42","date_gmt":"2015-12-14T13:19:42","guid":{"rendered":"http:\/\/www.turksem.com\/?page_id=2161"},"modified":"2015-12-14T15:19:42","modified_gmt":"2015-12-14T13:19:42","slug":"seo-kursu","status":"publish","type":"page","link":"https:\/\/otel.name.tr\/index.php\/seo-kursu\/","title":{"rendered":"Bireysel SEO Kursu"},"content":{"rendered":"\n<h2 class=\"wp-block-heading\"><strong>\u0130\u015e \u0130NSANLARINA G\u00d6RE B\u0130REYSEL SEO E\u011e\u0130T\u0130M KURSU <\/strong><\/h2>\n\n\n\n<h2 class=\"wp-block-heading\"><strong><span style=\"color: #ff0000;\"><mark style=\"background-color:rgba(0, 0, 0, 0);color:#7f9d6a\" class=\"has-inline-color\">69.450 TL<\/mark><\/span> (\u0130\u015f D\u00fcnyas\u0131na Y\u00f6nelik A&#8217;dan Z&#8217;ye SEO)<\/strong><\/h2>\n\n\n\n<p class=\"has-background\" style=\"background-color:#8dd2fc42\">SEO E\u011fitimi konusunda E\u011fitim Fak\u00fcltesi Mezunu Din\u00e7 taraf\u0131ndan verilmektedir. 4 Hafta s\u00fcrmektedir ve t\u00fcm e\u011fitimin sonunda bir web sayfas\u0131na SEO konusunda ne yapaca\u011f\u0131n\u0131z\u0131 kusursuz \u015fekilde \u00f6\u011freneceksiniz. <\/p>\n\n\n\n<h3 class=\"wp-block-heading\">1. Hafta Ders Program\u0131 &#8211; <span style=\"color: #808000;\"><strong>Proje<\/strong><\/span><\/h3>\n\n\n\n<p><strong>SEO \u00e7al\u0131\u015fmalar\u0131 il an\u0131nda ba\u015flamaktad\u0131r. Bu sebeple projeyi belirleme a\u015famas\u0131 konular\u0131na de\u011findi\u011fimiz 1 tam g\u00fcn (5 ders saati) olacakt\u0131r. O g\u00fcn i\u015flenecek konular k\u0131saca \u015fu \u015fekildedir;<\/strong><\/p>\n\n\n\n<ul class=\"wp-block-list\">\n<li>Proje belirleme&nbsp;a\u015famalar\u0131<\/li>\n\n\n\n<li>Projeye ki\u015fisel yeterlilik durumu<\/li>\n\n\n\n<li>Proje belirleme ve analiz a\u015famas\u0131<\/li>\n\n\n\n<li>Proje \u00fczerinden gelir y\u00f6ntemi<\/li>\n\n\n\n<li>Proje ve site alt yap\u0131s\u0131<\/li>\n\n\n\n<li>InBound Marketing<\/li>\n\n\n\n<li>Landing Page esaslar\u0131<\/li>\n\n\n\n<li>Proje geleneksel yakla\u015f\u0131m<\/li>\n<\/ul>\n\n\n\n<h3 class=\"wp-block-heading\">2. Hafta Ders Program\u0131 &#8211; <span style=\"color: #808000;\"><strong>Haz\u0131r CMS Sistemleri<\/strong><\/span> (WordPress)<\/h3>\n\n\n\n<p><strong>Kodlama bilgisine ihtiya\u00e7 duymadan kendinize ait web alan ad\u0131 \u00fczerinden web sitesi yay\u0131nlamay\u0131 \u00f6\u011freneceksiniz. S\u0131f\u0131rdan kendi web alan\u0131n\u0131za WordPress kurabileceksiniz. O haftan\u0131n ders planlar\u0131 ise \u015fu \u015fekildedir;<\/strong><\/p>\n\n\n\n<ul class=\"wp-block-list\">\n<li>Alan ad\u0131 al\u0131m\u0131<\/li>\n\n\n\n<li>Hosting al\u0131m\u0131 ve hosting hesab\u0131na ba\u011flanma<\/li>\n\n\n\n<li>WordPress dosyalar\u0131n\u0131 hosting hesab\u0131na y\u00fckleme ve WordPress kurulumu<\/li>\n\n\n\n<li>WordPress projeye g\u00f6re \u00f6zelle\u015ftirme<\/li>\n\n\n\n<li>Site&nbsp;i\u00e7erigini geli\u015ftirme ve ilham alma<\/li>\n\n\n\n<li>\u0130\u00e7eriksel rakip analizi<\/li>\n\n\n\n<li>WordPress basit seo ayarlar\u0131<\/li>\n<\/ul>\n\n\n\n<p class=\"has-background\" style=\"background-color:#8dd2fc42\">2. ve 3. hafta aras\u0131nda k\u0131sa bir ara verilmekte ve yapt\u0131\u011f\u0131m\u0131z ilk \u00e7al\u0131\u015fmalar\u0131n bitmesi, i\u00e7eri\u011fimizin geli\u015ftirme s\u00fcrecini tamamlanmas\u0131 beklenmektedir.<\/p>\n\n\n\n<h3 class=\"wp-block-heading\">3. Hafta Ders Program\u0131 &#8211; <strong><span style=\"color: #808000;\">SEO<\/span>&nbsp;<\/strong>(On-Page SEO)<\/h3>\n\n\n\n<p><strong>Projesini belirleyip, yay\u0131na ald\u0131\u011f\u0131m\u0131z siteyi Google \u00fczerinden nas\u0131l daha fazla kitleye ula\u015ft\u0131raca\u011f\u0131m\u0131z konusuna de\u011finece\u011fimiz ders program\u0131d\u0131r. Bu haftaki derste \u00f6nemli konular payla\u015f\u0131lacakt\u0131r.<\/strong><\/p>\n\n\n\n<ul class=\"wp-block-list\">\n<li>SEO nedir? SEO tarih\u00e7esi<\/li>\n\n\n\n<li>On-Page SEO \u00e7al\u0131\u015famalar\u0131nda meta kodlar<\/li>\n\n\n\n<li>Site tasar\u0131m\u0131 ve SEO katk\u0131s\u0131<\/li>\n\n\n\n<li>\u0130\u00e7erik belirleme ve geli\u015ftirme<\/li>\n\n\n\n<li>\u0130\u00e7erik ekleme kurallar\u0131<\/li>\n\n\n\n<li>Ziyaret\u00e7i hareketlerini takip etme ve yorumlama<\/li>\n\n\n\n<li>Gizil SEO yapma y\u00f6ntemi<\/li>\n<\/ul>\n\n\n\n<p class=\"has-background\" style=\"background-color:#8dd2fc42\">3. ve 4. hafta aras\u0131nda da ilk SEO hamlelerimizin indexlenmesi ve tepkime verilmesi beklenmektedir. Bu ara s\u00fcresinde Google&#8217;den ald\u0131\u011f\u0131m\u0131z geri bildirimlere g\u00f6re 4. hafta \u00e7al\u0131\u015fmas\u0131 ba\u015flar.<\/p>\n\n\n\n<h3 class=\"wp-block-heading\">4. Hafta Ders Program\u0131 &#8211; <strong><span style=\"color: #808000;\">SEO<\/span> <\/strong>(Off-Page SEO)<\/h3>\n\n\n\n<p><strong>Site d\u0131\u015f\u0131nda yap\u0131lmas\u0131 gereken SEO hamlelerine de\u011finilecek k\u0131s\u0131md\u0131r. Burada&nbsp;Google filtrelerine m\u00fcdahil olmadan yap\u0131lacak SEO \u00e7al\u0131\u015fmalar\u0131na de\u011finilecektir. Ayn\u0131 zamanda T\u00fcrkiye&#8217;de ilk defa &#8220;Black Hat SEO&#8221; y\u00f6ntemleri \u00fczerine konu\u015fulacakt\u0131r.<\/strong><\/p>\n\n\n\n<ul class=\"wp-block-list\">\n<li>Site d\u0131\u015f\u0131 SEO&#8217;nun temel unsurlar\u0131<\/li>\n\n\n\n<li>En temiz SEO y\u00f6ntemi nedir?<\/li>\n\n\n\n<li>Dmoz nedir ve site ekleme nas\u0131l yap\u0131l\u0131r?<\/li>\n\n\n\n<li>En h\u0131zl\u0131 verimi al\u0131cak SEO y\u00f6ntemi nedir?<\/li>\n\n\n\n<li>Black Hat SEO nedir? Nas\u0131l yap\u0131l\u0131r?<\/li>\n\n\n\n<li>Rakip analiz y\u00f6ntemi<\/li>\n\n\n\n<li>Kurumsal itibar y\u00f6netiminde izlenecek yok<\/li>\n\n\n\n<li>Marka\u015fama sonunda izlenecek y\u00f6ntem, konum koruma.<\/li>\n<\/ul>\n\n\n\n<h3 class=\"wp-block-heading\">5. Hafta Kontrol Haftas\u0131<\/h3>\n\n\n\n<p>Bu hafta t\u00fcm \u00e7al\u0131\u015fmalar\u0131m\u0131z\u0131n genel olarak de\u011ferlendirildi, geli\u015fmelere g\u00f6re yeni gelen sorulara cevap verildi\u011fi haftad\u0131r. <\/p>\n\n\n\n<hr class=\"wp-block-separator has-alpha-channel-opacity\"\/>\n\n\n\n<h2 class=\"wp-block-heading\">Kursumuz Sonras\u0131n Kazanaca\u011f\u0131n\u0131z Kazan\u0131mlar Nelerdir?<\/h2>\n\n\n\n<p>Kodlama bilgisine ihtiya\u00e7 duymadan kendi belirledi\u011finiz proje \u00fczerinde bir web sayfas\u0131 olu\u015fturabileceksiniz. Site e-Ticaret sitesi olabilece\u011fi gibi bir blogta olabilecektir. Yapm\u0131\u015f oldu\u011funuz bu siteye Google \u00fczerinden nas\u0131l hit kazand\u0131raca\u011f\u0131n\u0131z konusuna de\u011finece\u011fiz. \u00d6nemli kazan\u0131m\u0131n\u0131z da bu olacakt\u0131r. SEO alan\u0131nda en verimli kurslardan birisine kat\u0131lacak ve direk olarak bir web sayfas\u0131n\u0131 en kaliteli \u015fekilde nas\u0131l SEO yapaca\u011f\u0131n\u0131z konusunu \u00f6\u011freneceksiniz.<\/p>\n\n\n\n<ol class=\"wp-block-list\">\n<li>Proje belirleme<\/li>\n\n\n\n<li>Site kurma<\/li>\n\n\n\n<li>\u0130\u00e7erik geli\u015ftirme<\/li>\n\n\n\n<li>Arama motorlar\u0131nda pozisyon elde etme<\/li>\n\n\n\n<li>Markala\u015fma ve pozisyon koruma<\/li>\n<\/ol>\n\n\n\n<h2 class=\"wp-block-heading\">SEO E\u011fitimi Kim Taraf\u0131ndan Verilecektir?<\/h2>\n\n\n\n<p>SEO e\u011fitimi, &#8220;<strong>E\u011fittim Fak\u00fcltesi<\/strong>&#8221; mezunu <a href=\"https:\/\/www.turksem.com\/seo\" data-type=\"link\" data-id=\"https:\/\/www.turksem.com\/seo\">T\u00fcrksem SEO<\/a> Sorumlusu <strong>Tahir Din\u00e7<\/strong> taraf\u0131ndan verilecektir. 2003 y\u0131l\u0131ndan bu yana sekt\u00f6rde SEO \u00e7al\u0131\u015fmalar\u0131 yapan Din\u00e7, ayn\u0131 zamanda e\u011fitim fak\u00fcltesi mezunu olup e\u011fitim bilimleri konusuna hakimdir. 2005 y\u0131l\u0131ndan bu yana da ODP edit\u00f6rlerinden birisidir.<\/p>\n\n\n\n<h2 class=\"wp-block-heading\">SEO Kursu Nerede Yap\u0131lacakt\u0131r?<\/h2>\n\n\n\n<p>SEO E\u011fitimleri Bak\u0131rk\u00f6y&#8217;de MEB&#8217;e ba\u011fl\u0131 <strong>Global Sanat<\/strong> b\u00fcnyesinde yap\u0131lacakt\u0131r. <\/p>\n\n\n\n<h2 class=\"wp-block-heading\">SEO E\u011fitimine Kat\u0131lmak \u0130\u00e7in<\/h2>\n\n\n\n<p>\u0130leti\u015fim ve Whatsapp : <strong>0532 234 24 40<\/strong><br><\/p>\n","protected":false},"excerpt":{"rendered":"<p>\u0130\u015e \u0130NSANLARINA G\u00d6RE B\u0130REYSEL SEO E\u011e\u0130T\u0130M KURSU 69.450 TL (\u0130\u015f D\u00fcnyas\u0131na Y\u00f6nelik A&#8217;dan Z&#8217;ye SEO) SEO E\u011fitimi konusunda E\u011fitim Fak\u00fcltesi Mezunu Din\u00e7 taraf\u0131ndan verilmektedir. 4 Hafta s\u00fcrmektedir ve t\u00fcm e\u011fitimin sonunda bir web sayfas\u0131na SEO konusunda ne yapaca\u011f\u0131n\u0131z\u0131 kusursuz \u015fekilde \u00f6\u011freneceksiniz. 1. Hafta Ders Program\u0131 &#8211; Proje SEO \u00e7al\u0131\u015fmalar\u0131 il an\u0131nda ba\u015flamaktad\u0131r. Bu sebeple projeyi [&hellip;]<\/p>\n","protected":false},"author":1,"featured_media":0,"parent":0,"menu_order":0,"comment_status":"closed","ping_status":"closed","template":"","meta":{"footnotes":""},"class_list":["post-2161","page","type-page","status-publish","hentry"],"_links":{"self":[{"href":"https:\/\/otel.name.tr\/index.php\/wp-json\/wp\/v2\/pages\/2161","targetHints":{"allow":["GET"]}}],"collection":[{"href":"https:\/\/otel.name.tr\/index.php\/wp-json\/wp\/v2\/pages"}],"about":[{"href":"https:\/\/otel.name.tr\/index.php\/wp-json\/wp\/v2\/types\/page"}],"author":[{"embeddable":true,"href":"https:\/\/otel.name.tr\/index.php\/wp-json\/wp\/v2\/users\/1"}],"replies":[{"embeddable":true,"href":"https:\/\/otel.name.tr\/index.php\/wp-json\/wp\/v2\/comments?post=2161"}],"version-history":[{"count":0,"href":"https:\/\/otel.name.tr\/index.php\/wp-json\/wp\/v2\/pages\/2161\/revisions"}],"wp:attachment":[{"href":"https:\/\/otel.name.tr\/index.php\/wp-json\/wp\/v2\/media?parent=2161"}],"curies":[{"name":"wp","href":"https:\/\/api.w.org\/{rel}","templated":true}]}}