{"id":2185,"date":"2015-12-23T15:33:43","date_gmt":"2015-12-23T13:33:43","guid":{"rendered":"http:\/\/www.turksem.com\/?page_id=2185"},"modified":"2015-12-23T15:33:43","modified_gmt":"2015-12-23T13:33:43","slug":"otel-pazarlama","status":"publish","type":"page","link":"https:\/\/otel.name.tr\/index.php\/otel-pazarlama\/","title":{"rendered":"Otel Reklamlar\u0131"},"content":{"rendered":"<h4 style=\"text-align: justify;\"><strong>OTEL\u0130N\u0130Z\u0130N REKLAM VE PAZARLAMASINI&nbsp;UZMAN KADROMUZA BIRAKIN VE BA\u015eARIYI YAKALAYIN<\/strong><\/h4>\n<p style=\"text-align: justify;\">T\u00fcrk Sem olarak Turizm reklamc\u0131l\u0131\u011f\u0131 konusunda 10 y\u0131ldan daha fazla bir s\u00fcre\u00e7lik bir deneyime sahibiz. Bu ge\u00e7en zaman s\u00fcrecinde ba\u015far\u0131yla onlarca otelin reklam ve pazarlamas\u0131n\u0131 \u00fcstlendik. T\u00fcm reklam ve pazarlama konusunda yapt\u0131\u011f\u0131m\u0131z \u00e7al\u0131\u015fmalarda ba\u015far\u0131l\u0131 sonu\u00e7lar elde etti\u011fimizi s\u00f6yleyebiliriz.<\/p>\n<blockquote>\n<h4 style=\"text-align: justify;\">BOOK\u0130NG.COM KAPANDI &#8211; <span style=\"color: #008000;\">Bu Sayfada Oldu\u011funuz \u0130\u00e7in \u015eansl\u0131s\u0131n\u0131z<\/span><\/h4>\n<p style=\"text-align: justify;\"><img decoding=\"async\" class=\"wp-image-2499 alignleft\" src=\"https:\/\/otel.name.tr\/wp-content\/uploads\/2015\/12\/booking.png\" alt=\"booking\" width=\"316\" height=\"63\" srcset=\"https:\/\/otel.name.tr\/wp-content\/uploads\/2015\/12\/booking.png 501w, https:\/\/otel.name.tr\/wp-content\/uploads\/2015\/12\/booking-300x60.png 300w\" sizes=\"(max-width: 316px) 100vw, 316px\" \/>\u015eehir otelleri i\u00e7in kritik \u00f6neme sahip Booking&#8217;in kapanmas\u0131ndan sonra otellerindeki doluluk oran\u0131n\u0131 yakalayamayan oteller i\u00e7in \u00f6nemli ad\u0131mlar\u0131 olu\u015fturduk. <strong>Bu sayfada oldu\u011funuz i\u00e7in kendinizi \u015fansl\u0131 hissedebilirsiniz.<\/strong> Booking&#8217;in kapanmas\u0131n\u0131 avantaja \u00e7evirme imkan\u0131n\u0131 bizimle ileti\u015fime ge\u00e7erek elde edin. Otelinizin doluluk oran\u0131yla ilgili t\u00fcm kaderinizi \u015fimdi bizimle \u00e7al\u0131\u015farak de\u011fi\u015ftirebilirsiniz. \u00c7al\u0131\u015fmaya ba\u015flad\u0131\u011f\u0131m\u0131z 3. g\u00fcnde doluluk oran\u0131nda ciddi art\u0131\u015flar ya\u015fars\u0131n\u0131z.<\/p>\n<\/blockquote>\n<h4 style=\"text-align: justify;\">Peki Neler Yap\u0131yoruz?<\/h4>\n<ul style=\"text-align: justify;\">\n<li>En verimli \u015fekilde Google Adwords reklamlar\u0131 yap\u0131yoruz. (<strong>Sertifikal\u0131 Google Adwords Ajans\u0131y\u0131z<\/strong>)<\/li>\n<li>Do\u011fal arama sonu\u00e7lar\u0131 \u00fczerinden ara\u015ft\u0131rma yapan kitleye ula\u015f\u0131yor ve aksiyon alan kullan\u0131c\u0131ya d\u00f6n\u00fc\u015ft\u00fcr\u00fcyoruz.<\/li>\n<li>Facebook \u00fczerinden \u00f6zelle\u015ftirmeli \u015fekilde reklamlar\u0131n\u0131z\u0131 veriyoruz.<\/li>\n<li>Facebook ve Google Adwords \u00fczerinden <strong>Re-Marketing<\/strong> yap\u0131yoruz.<\/li>\n<li>T\u00fcrkiye&#8217;nin en b\u00fcy\u00fck haber sitelerinde otelinizin reklamlar\u0131n\u0131 yay\u0131nlat\u0131yoruz.<\/li>\n<li>T\u00fcrkiye&#8217;nin en \u00e7ok y\u00fcklenen uygulamalar\u0131 ile \u00f6zel anla\u015fmalar\u0131m\u0131z var, otelinizle ilgili kampanyalar hakk\u0131nda uygulama y\u00fckleyenleri&nbsp;bilgilendiriyoruz.<\/li>\n<li>Kendimize ait <strong>100<\/strong> web sayfas\u0131nda (<strong>4 milyon ziyaret\u00e7i<\/strong>) otelle alakal\u0131 tan\u0131t\u0131mlar ge\u00e7mektedir.<\/li>\n<li>Anla\u015fmal\u0131 otelimize&nbsp;geni\u015f kapsaml\u0131 &#8220;<strong>\u0130tibar Y\u00f6netimi<\/strong>&#8221; \u00e7al\u0131\u015fmas\u0131 yap\u0131lmaktad\u0131r.<\/li>\n<li>Burada payla\u015famad\u0131\u011f\u0131m\u0131z daha nice yeni reklam modeli ile otelinizin tan\u0131t\u0131mlar\u0131n\u0131 yapmaktay\u0131z.<\/li>\n<\/ul>\n<h4 style=\"text-align: justify;\">Otel Pazarlama Anla\u015fmas\u0131 Nas\u0131l Yap\u0131lmaktad\u0131r?<\/h4>\n<p style=\"text-align: justify;\">Otel kontrat yetkilimiz ileti\u015fimde vermi\u015f oldu\u011funuz bilgilere g\u00f6re otelinize gelmektedir. Oteliniz incelenmekte ve nas\u0131l \u00e7al\u0131\u015faca\u011f\u0131m\u0131z konusunda sizi bilgilendirmektedir. 3 \u00e7e\u015fit anla\u015fma s\u00f6z konusundur. Bu 3 anla\u015fma aras\u0131ndan birisini se\u00e7mek size kalmaktad\u0131r.<\/p>\n<p style=\"text-align: justify;\"><img fetchpriority=\"high\" decoding=\"async\" class=\"size-full wp-image-2210 alignnone\" src=\"https:\/\/otel.name.tr\/wp-content\/uploads\/2015\/12\/iletisim.jpg\" alt=\"iletisim\" width=\"708\" height=\"250\" srcset=\"https:\/\/otel.name.tr\/wp-content\/uploads\/2015\/12\/iletisim.jpg 708w, https:\/\/otel.name.tr\/wp-content\/uploads\/2015\/12\/iletisim-300x106.jpg 300w\" sizes=\"(max-width: 708px) 100vw, 708px\" \/><\/p>\n<blockquote>\n<h4 style=\"text-align: justify;\">Otel Pazarlama Konusunda \u0130leti\u015fime Ge\u00e7in<\/h4>\n<p style=\"text-align: justify;\">Otel Reklam Yetkilisi&nbsp;Telefon No&nbsp;: <strong>0507 577 19 85<\/strong> (Tahir Din\u00e7)<\/p>\n<\/blockquote>\n","protected":false},"excerpt":{"rendered":"<p>OTEL\u0130N\u0130Z\u0130N REKLAM VE PAZARLAMASINI&nbsp;UZMAN KADROMUZA BIRAKIN VE BA\u015eARIYI YAKALAYIN T\u00fcrk Sem olarak Turizm reklamc\u0131l\u0131\u011f\u0131 konusunda 10 y\u0131ldan daha fazla bir s\u00fcre\u00e7lik bir deneyime sahibiz. Bu ge\u00e7en zaman s\u00fcrecinde ba\u015far\u0131yla onlarca otelin reklam ve pazarlamas\u0131n\u0131 \u00fcstlendik. T\u00fcm reklam ve pazarlama konusunda yapt\u0131\u011f\u0131m\u0131z \u00e7al\u0131\u015fmalarda ba\u015far\u0131l\u0131 sonu\u00e7lar elde etti\u011fimizi s\u00f6yleyebiliriz. BOOK\u0130NG.COM KAPANDI &#8211; Bu Sayfada Oldu\u011funuz \u0130\u00e7in \u015eansl\u0131s\u0131n\u0131z [&hellip;]<\/p>\n","protected":false},"author":1,"featured_media":0,"parent":0,"menu_order":0,"comment_status":"open","ping_status":"closed","template":"","meta":{"footnotes":""},"class_list":["post-2185","page","type-page","status-publish","hentry"],"_links":{"self":[{"href":"https:\/\/otel.name.tr\/index.php\/wp-json\/wp\/v2\/pages\/2185","targetHints":{"allow":["GET"]}}],"collection":[{"href":"https:\/\/otel.name.tr\/index.php\/wp-json\/wp\/v2\/pages"}],"about":[{"href":"https:\/\/otel.name.tr\/index.php\/wp-json\/wp\/v2\/types\/page"}],"author":[{"embeddable":true,"href":"https:\/\/otel.name.tr\/index.php\/wp-json\/wp\/v2\/users\/1"}],"replies":[{"embeddable":true,"href":"https:\/\/otel.name.tr\/index.php\/wp-json\/wp\/v2\/comments?post=2185"}],"version-history":[{"count":0,"href":"https:\/\/otel.name.tr\/index.php\/wp-json\/wp\/v2\/pages\/2185\/revisions"}],"wp:attachment":[{"href":"https:\/\/otel.name.tr\/index.php\/wp-json\/wp\/v2\/media?parent=2185"}],"curies":[{"name":"wp","href":"https:\/\/api.w.org\/{rel}","templated":true}]}}