{"id":297,"date":"2015-05-10T21:01:35","date_gmt":"2015-05-10T18:01:35","guid":{"rendered":"http:\/\/www.turksem.com\/?page_id=297"},"modified":"2015-05-10T21:01:35","modified_gmt":"2015-05-10T18:01:35","slug":"blogs","status":"publish","type":"page","link":"https:\/\/otel.name.tr\/index.php\/blogs\/","title":{"rendered":"Reklam Blog"},"content":{"rendered":"\n<p>Bu sayfa <a href=\"https:\/\/www.turksem.com\/blog\" data-type=\"link\" data-id=\"https:\/\/www.turksem.com\/blog\"><strong>Reklam Blog<\/strong><\/a> k\u0131sm\u0131na ta\u015f\u0131nm\u0131\u015ft\u0131r.<\/p>\n","protected":false},"excerpt":{"rendered":"<p>Bu sayfa Reklam Blog k\u0131sm\u0131na ta\u015f\u0131nm\u0131\u015ft\u0131r.<\/p>\n","protected":false},"author":1,"featured_media":0,"parent":0,"menu_order":1,"comment_status":"open","ping_status":"closed","template":"","meta":{"footnotes":""},"class_list":["post-297","page","type-page","status-publish","hentry"],"_links":{"self":[{"href":"https:\/\/otel.name.tr\/index.php\/wp-json\/wp\/v2\/pages\/297","targetHints":{"allow":["GET"]}}],"collection":[{"href":"https:\/\/otel.name.tr\/index.php\/wp-json\/wp\/v2\/pages"}],"about":[{"href":"https:\/\/otel.name.tr\/index.php\/wp-json\/wp\/v2\/types\/page"}],"author":[{"embeddable":true,"href":"https:\/\/otel.name.tr\/index.php\/wp-json\/wp\/v2\/users\/1"}],"replies":[{"embeddable":true,"href":"https:\/\/otel.name.tr\/index.php\/wp-json\/wp\/v2\/comments?post=297"}],"version-history":[{"count":0,"href":"https:\/\/otel.name.tr\/index.php\/wp-json\/wp\/v2\/pages\/297\/revisions"}],"wp:attachment":[{"href":"https:\/\/otel.name.tr\/index.php\/wp-json\/wp\/v2\/media?parent=297"}],"curies":[{"name":"wp","href":"https:\/\/api.w.org\/{rel}","templated":true}]}}