{"id":3037,"date":"2018-01-04T03:07:29","date_gmt":"2018-01-04T00:07:29","guid":{"rendered":"http:\/\/www.turksem.com\/?page_id=3037"},"modified":"2018-01-04T03:07:29","modified_gmt":"2018-01-04T00:07:29","slug":"otel-sitesi-yazilimi","status":"publish","type":"page","link":"https:\/\/otel.name.tr\/index.php\/otel-sitesi-yazilimi\/","title":{"rendered":"Otel Sitesi Yapt\u0131rmak"},"content":{"rendered":"<p>T\u00fcrk SEM olarak \u00e7al\u0131\u015fmalar\u0131n\u0131 uzun s\u00fcredir y\u00fcr\u00fctt\u00fc\u011f\u00fcm\u00fcz otel yaz\u0131l\u0131m\u0131n\u0131 \u015fimdi t\u00fcm otellerin kullan\u0131m\u0131 i\u00e7in sat\u0131\u015fa sunduk. Hizmetlerimiz dahilinde alabilece\u011finiz yaz\u0131l\u0131m sayesinde sezon \u00f6ncesi ve sonras\u0131nda ihtiyac\u0131n\u0131z olacak t\u00fcm eklentiler yaz\u0131l\u0131m i\u00e7erisine dahildir.<\/p>\n<ul>\n<li>Google Adwords Y\u00fcksek Kalite Puan\u0131<\/li>\n<li>\u00d6zelle\u015ftirilebilir Aray\u00fcz<\/li>\n<li>Rezervasyon Paneli<\/li>\n<li>Fiyat Hesaplama Eklentisi<\/li>\n<li>De\u011fi\u015ftirilebilir ve Geli\u015ftirilebilir Man\u015fet<\/li>\n<li>S\u0131n\u0131rs\u0131z Sayfa Ekleme ve \u00c7\u0131kartma<\/li>\n<li>Kolay Fiyat De\u011fi\u015ftirme<\/li>\n<li>Landing Page Esaslar\u0131na Uygun<\/li>\n<li>Facebook Tam Entegrasyon<\/li>\n<li>Adminden Tam Kontrol<\/li>\n<li>S\u0131n\u0131rs\u0131z Oda Ekleme ve \u00c7\u0131kartma<\/li>\n<li>Reklam \/ Ciro Dengesi Y\u00fcksek Verim<\/li>\n<li>Kolay Kullan\u0131m ve Tamamen Size \u00d6zel<\/li>\n<\/ul>\n<p>Ve daha bir \u00e7ok \u00f6zelli\u011fi ile Otel yaz\u0131l\u0131m\u0131 T\u00fcrk SEM taraf\u0131ndan oteller i\u00e7in sunulmaktad\u0131r.<\/p>\n","protected":false},"excerpt":{"rendered":"<p>T\u00fcrk SEM olarak \u00e7al\u0131\u015fmalar\u0131n\u0131 uzun s\u00fcredir y\u00fcr\u00fctt\u00fc\u011f\u00fcm\u00fcz otel yaz\u0131l\u0131m\u0131n\u0131 \u015fimdi t\u00fcm otellerin kullan\u0131m\u0131 i\u00e7in sat\u0131\u015fa sunduk. Hizmetlerimiz dahilinde alabilece\u011finiz yaz\u0131l\u0131m sayesinde sezon \u00f6ncesi ve sonras\u0131nda ihtiyac\u0131n\u0131z olacak t\u00fcm eklentiler yaz\u0131l\u0131m i\u00e7erisine dahildir. Google Adwords Y\u00fcksek Kalite Puan\u0131 \u00d6zelle\u015ftirilebilir Aray\u00fcz Rezervasyon Paneli Fiyat Hesaplama Eklentisi De\u011fi\u015ftirilebilir ve Geli\u015ftirilebilir Man\u015fet S\u0131n\u0131rs\u0131z Sayfa Ekleme ve \u00c7\u0131kartma Kolay Fiyat [&hellip;]<\/p>\n","protected":false},"author":1,"featured_media":0,"parent":0,"menu_order":0,"comment_status":"closed","ping_status":"closed","template":"","meta":{"footnotes":""},"class_list":["post-3037","page","type-page","status-publish","hentry"],"_links":{"self":[{"href":"https:\/\/otel.name.tr\/index.php\/wp-json\/wp\/v2\/pages\/3037","targetHints":{"allow":["GET"]}}],"collection":[{"href":"https:\/\/otel.name.tr\/index.php\/wp-json\/wp\/v2\/pages"}],"about":[{"href":"https:\/\/otel.name.tr\/index.php\/wp-json\/wp\/v2\/types\/page"}],"author":[{"embeddable":true,"href":"https:\/\/otel.name.tr\/index.php\/wp-json\/wp\/v2\/users\/1"}],"replies":[{"embeddable":true,"href":"https:\/\/otel.name.tr\/index.php\/wp-json\/wp\/v2\/comments?post=3037"}],"version-history":[{"count":0,"href":"https:\/\/otel.name.tr\/index.php\/wp-json\/wp\/v2\/pages\/3037\/revisions"}],"wp:attachment":[{"href":"https:\/\/otel.name.tr\/index.php\/wp-json\/wp\/v2\/media?parent=3037"}],"curies":[{"name":"wp","href":"https:\/\/api.w.org\/{rel}","templated":true}]}}