{"id":3801,"date":"2022-12-04T19:05:58","date_gmt":"2022-12-04T16:05:58","guid":{"rendered":"https:\/\/www.turksem.com\/?page_id=3801"},"modified":"2022-12-04T19:05:58","modified_gmt":"2022-12-04T16:05:58","slug":"celal-dinc-2","status":"publish","type":"page","link":"https:\/\/otel.name.tr\/index.php\/celal-dinc-2\/","title":{"rendered":"Celal Din\u00e7 &#8211; Software Engineer"},"content":{"rendered":"<p><strong>Celal Din\u00e7<\/strong>, T\u00fcrk SEM Y\u00f6neticilerindendir. \u0130stanbul Teknoloji \u00dcniversitesi <strong>\u0130ST\u00dcN<\/strong> Yaz\u0131l\u0131m M\u00fchendisli\u011fi b\u00f6l\u00fcm\u00fcnde yaz\u0131l\u0131m e\u011fitimi almaktad\u0131r. <strong>Mobil uygulamalar<\/strong> konusunda \u00e7al\u0131\u015fmalar yapan Din\u00e7, <a href=\"https:\/\/www.turksem.com\/seo\/\"><strong>Google SEO<\/strong><\/a> ve <a href=\"https:\/\/ads.google.com\/intl\/tr_tr\/home\/\"><strong>Google Ads<\/strong><\/a> konusunda da yeti\u015fmi\u015f bir bilgiye sahip.<\/p>\n<blockquote><p><img fetchpriority=\"high\" decoding=\"async\" class=\"alignright size-medium wp-image-3657\" src=\"https:\/\/otel.name.tr\/wp-content\/uploads\/2022\/10\/celal-dinc-300x300.jpg\" alt=\"\" width=\"300\" height=\"300\" srcset=\"https:\/\/otel.name.tr\/wp-content\/uploads\/2022\/10\/celal-dinc-300x300.jpg 300w, https:\/\/otel.name.tr\/wp-content\/uploads\/2022\/10\/celal-dinc-1024x1024.jpg 1024w, https:\/\/otel.name.tr\/wp-content\/uploads\/2022\/10\/celal-dinc-150x150.jpg 150w, https:\/\/otel.name.tr\/wp-content\/uploads\/2022\/10\/celal-dinc-768x768.jpg 768w, https:\/\/otel.name.tr\/wp-content\/uploads\/2022\/10\/celal-dinc.jpg 1080w\" sizes=\"(max-width: 300px) 100vw, 300px\" \/>Yaz\u0131l\u0131m kendini daimi olarak geli\u015ftiren her g\u00fcn yeni teknolojik geli\u015fmelerin oldu\u011fu \u00e7al\u0131\u015fmalar b\u00fct\u00fcn\u00fcd\u00fcr. Yaz\u0131l\u0131m bir projenin kendisidir ve bu projeyi ba\u015far\u0131ya ancak tan\u0131t\u0131m \/ reklam \u00e7al\u0131\u015fmalar\u0131n\u0131n \u00f6zellikle <strong>SEO &amp; Ads<\/strong> teknolojilerinin do\u011fru kullan\u0131m\u0131yla ula\u015fabiliriz.<\/p>\n<p><strong>Celal Din\u00e7<\/strong><\/p><\/blockquote>\n<h3>Kulland\u0131\u011f\u0131 Programlar<\/h3>\n<p><a href=\"https:\/\/developer.android.com\/studio\">Android Studio<\/a> &#8211; <a href=\"https:\/\/www.adobe.com\/tr\/products\/dreamweaver.html\">Dreamweaver<\/a> &#8211; <a href=\"https:\/\/www.apple.com\/tr\/swift\/\">Swift<\/a><\/p>\n<p>Celal Din\u00e7&#8217;in as\u0131l \u00e7al\u0131\u015fmalar yapt\u0131\u011f\u0131 alan\u0131 Web Programlamas\u0131 ve Mobil Uygulama Geli\u015ftiricili\u011fidir. 2022 y\u0131l\u0131 itibariyle <a href=\"https:\/\/www.instagram.com\/istunedu\/?hl=tr\"><strong>\u0130ST\u00dcN<\/strong><\/a>&#8216;de <strong>Software Engineer<\/strong> e\u011fitimini almaya hala devam etmektedir.<\/p>\n","protected":false},"excerpt":{"rendered":"<p>Celal Din\u00e7, T\u00fcrk SEM Y\u00f6neticilerindendir. \u0130stanbul Teknoloji \u00dcniversitesi \u0130ST\u00dcN Yaz\u0131l\u0131m M\u00fchendisli\u011fi b\u00f6l\u00fcm\u00fcnde yaz\u0131l\u0131m e\u011fitimi almaktad\u0131r. Mobil uygulamalar konusunda \u00e7al\u0131\u015fmalar yapan Din\u00e7, Google SEO ve Google Ads konusunda da yeti\u015fmi\u015f bir bilgiye sahip. Yaz\u0131l\u0131m kendini daimi olarak geli\u015ftiren her g\u00fcn yeni teknolojik geli\u015fmelerin oldu\u011fu \u00e7al\u0131\u015fmalar b\u00fct\u00fcn\u00fcd\u00fcr. Yaz\u0131l\u0131m bir projenin kendisidir ve bu projeyi ba\u015far\u0131ya ancak tan\u0131t\u0131m [&hellip;]<\/p>\n","protected":false},"author":1,"featured_media":0,"parent":0,"menu_order":0,"comment_status":"closed","ping_status":"closed","template":"","meta":{"footnotes":""},"class_list":["post-3801","page","type-page","status-publish","hentry"],"_links":{"self":[{"href":"https:\/\/otel.name.tr\/index.php\/wp-json\/wp\/v2\/pages\/3801","targetHints":{"allow":["GET"]}}],"collection":[{"href":"https:\/\/otel.name.tr\/index.php\/wp-json\/wp\/v2\/pages"}],"about":[{"href":"https:\/\/otel.name.tr\/index.php\/wp-json\/wp\/v2\/types\/page"}],"author":[{"embeddable":true,"href":"https:\/\/otel.name.tr\/index.php\/wp-json\/wp\/v2\/users\/1"}],"replies":[{"embeddable":true,"href":"https:\/\/otel.name.tr\/index.php\/wp-json\/wp\/v2\/comments?post=3801"}],"version-history":[{"count":0,"href":"https:\/\/otel.name.tr\/index.php\/wp-json\/wp\/v2\/pages\/3801\/revisions"}],"wp:attachment":[{"href":"https:\/\/otel.name.tr\/index.php\/wp-json\/wp\/v2\/media?parent=3801"}],"curies":[{"name":"wp","href":"https:\/\/api.w.org\/{rel}","templated":true}]}}