{"id":4064,"date":"2023-04-08T18:48:02","date_gmt":"2023-04-08T15:48:02","guid":{"rendered":"https:\/\/www.turksem.com\/?page_id=4064"},"modified":"2023-04-08T18:48:02","modified_gmt":"2023-04-08T15:48:02","slug":"toplu-domain-sorgulama-guvenli-yer","status":"publish","type":"page","link":"https:\/\/otel.name.tr\/index.php\/toplu-domain-sorgulama-guvenli-yer\/","title":{"rendered":"Toplu Domain Sorgulama (G\u00fcvenli Yer)"},"content":{"rendered":"\n<p>[wp24_domaincheck tlds=&#8221;com, net, org&#8221;]<\/p>\n\n\n\n<hr class=\"wp-block-separator has-alpha-channel-opacity is-style-default\"\/>\n\n\n\n<p>Toplu domain sorgulama yapabilece\u011finiz, veritaban\u0131nda her hangi veri tutmayan sizin araman\u0131zdan sonra size h\u0131zl\u0131 bir \u015fekilde sonu\u00e7lar\u0131 g\u00f6steren \u00f6zel bir arama k\u0131sm\u0131d\u0131r. <strong>T\u00fcrk SEM<\/strong> m\u00fc\u015fterileri i\u00e7in olu\u015fturmu\u015f oldu\u011fumuz at\u00f6lye k\u0131sm\u0131nda domain sorgulamalar\u0131n\u0131z\u0131 g\u00fcvenle yapabilirsiniz.<\/p>\n\n\n\n<h3 class=\"wp-block-heading\">Toplu Domain Sorgulama Nas\u0131l Yap\u0131l\u0131r?<\/h3>\n\n\n\n<p><strong>Domain-adi<\/strong> yazan k\u0131sma &#8220;<em>aranacakdomain1, aranacakdomain2, aranacakdomain3, &#8230;<\/em>&#8221; tarz\u0131nda <strong>virg\u00fcl <\/strong>ile ayr\u0131lm\u0131\u015f toplu aramalar\u0131 ger\u00e7ekle\u015ftirebilirsiniz. Whois bilgisi i\u00e7erisinde yer alan k\u0131s\u0131mda domain daha \u00f6nce sat\u0131n alm\u0131\u015f sahibine ula\u015fabilmektesiniz.<\/p>\n\n\n\n<h3 class=\"wp-block-heading\">Sorgulanan Uzant\u0131lar<\/h3>\n\n\n\n<p>Sorgulanan domainler : Com, Net ve Org uzant\u0131lar\u0131d\u0131r. Global uzant\u0131lar aras\u0131nda arama yapmak i\u00e7in &#8220;G\u00fcvenli B\u00f6lge&#8221; olarak Turksem.com domain sorgulama ekran\u0131n\u0131 kullanabilirsiniz.<\/p>\n\n\n\n<h3 class=\"wp-block-heading\">Hepsi Se\u00e7ene\u011fi Nedir?<\/h3>\n\n\n\n<p>T\u00fcm domain uzant\u0131lar\u0131n\u0131 se\u00e7mek i\u00e7in &#8220;<strong>Hepsi<\/strong>&#8221; k\u0131sm\u0131n\u0131n se\u00e7ili olmas\u0131 gerekmektedir.<\/p>\n\n\n\n<h3 class=\"wp-block-heading\">Domain Nereden Al\u0131n\u0131r?<\/h3>\n\n\n\n<p>Domaininizi se\u00e7tikten sonra <strong>Google Domains<\/strong>, <strong>Godaddy <\/strong>veya <strong>T\u00fcrk Ticaret<\/strong> \u00fczerinden sat\u0131n alabilirsiniz. <\/p>\n","protected":false},"excerpt":{"rendered":"<p>[wp24_domaincheck tlds=&#8221;com, net, org&#8221;] Toplu domain sorgulama yapabilece\u011finiz, veritaban\u0131nda her hangi veri tutmayan sizin araman\u0131zdan sonra size h\u0131zl\u0131 bir \u015fekilde sonu\u00e7lar\u0131 g\u00f6steren \u00f6zel bir arama k\u0131sm\u0131d\u0131r. T\u00fcrk SEM m\u00fc\u015fterileri i\u00e7in olu\u015fturmu\u015f oldu\u011fumuz at\u00f6lye k\u0131sm\u0131nda domain sorgulamalar\u0131n\u0131z\u0131 g\u00fcvenle yapabilirsiniz. Toplu Domain Sorgulama Nas\u0131l Yap\u0131l\u0131r? Domain-adi yazan k\u0131sma &#8220;aranacakdomain1, aranacakdomain2, aranacakdomain3, &#8230;&#8221; tarz\u0131nda virg\u00fcl ile ayr\u0131lm\u0131\u015f toplu [&hellip;]<\/p>\n","protected":false},"author":1,"featured_media":0,"parent":0,"menu_order":0,"comment_status":"closed","ping_status":"closed","template":"","meta":{"footnotes":""},"class_list":["post-4064","page","type-page","status-publish","hentry"],"_links":{"self":[{"href":"https:\/\/otel.name.tr\/index.php\/wp-json\/wp\/v2\/pages\/4064","targetHints":{"allow":["GET"]}}],"collection":[{"href":"https:\/\/otel.name.tr\/index.php\/wp-json\/wp\/v2\/pages"}],"about":[{"href":"https:\/\/otel.name.tr\/index.php\/wp-json\/wp\/v2\/types\/page"}],"author":[{"embeddable":true,"href":"https:\/\/otel.name.tr\/index.php\/wp-json\/wp\/v2\/users\/1"}],"replies":[{"embeddable":true,"href":"https:\/\/otel.name.tr\/index.php\/wp-json\/wp\/v2\/comments?post=4064"}],"version-history":[{"count":0,"href":"https:\/\/otel.name.tr\/index.php\/wp-json\/wp\/v2\/pages\/4064\/revisions"}],"wp:attachment":[{"href":"https:\/\/otel.name.tr\/index.php\/wp-json\/wp\/v2\/media?parent=4064"}],"curies":[{"name":"wp","href":"https:\/\/api.w.org\/{rel}","templated":true}]}}