{"id":4151,"date":"2023-04-28T23:50:17","date_gmt":"2023-04-28T20:50:17","guid":{"rendered":"https:\/\/www.turksem.com\/?page_id=4151"},"modified":"2023-04-28T23:50:17","modified_gmt":"2023-04-28T20:50:17","slug":"uluslararasi-seo","status":"publish","type":"page","link":"https:\/\/otel.name.tr\/index.php\/uluslararasi-seo\/","title":{"rendered":"Yurtd\u0131\u015f\u0131 SEO &#8211; Uluslararas\u0131 SEO Hizmetleri"},"content":{"rendered":"\n<p>Ba\u015flang\u0131\u00e7 Rehberi<\/p>\n","protected":false},"excerpt":{"rendered":"<p>Ba\u015flang\u0131\u00e7 Rehberi<\/p>\n","protected":false},"author":1,"featured_media":0,"parent":0,"menu_order":0,"comment_status":"open","ping_status":"closed","template":"","meta":{"footnotes":""},"class_list":["post-4151","page","type-page","status-publish","hentry"],"_links":{"self":[{"href":"https:\/\/otel.name.tr\/index.php\/wp-json\/wp\/v2\/pages\/4151","targetHints":{"allow":["GET"]}}],"collection":[{"href":"https:\/\/otel.name.tr\/index.php\/wp-json\/wp\/v2\/pages"}],"about":[{"href":"https:\/\/otel.name.tr\/index.php\/wp-json\/wp\/v2\/types\/page"}],"author":[{"embeddable":true,"href":"https:\/\/otel.name.tr\/index.php\/wp-json\/wp\/v2\/users\/1"}],"replies":[{"embeddable":true,"href":"https:\/\/otel.name.tr\/index.php\/wp-json\/wp\/v2\/comments?post=4151"}],"version-history":[{"count":0,"href":"https:\/\/otel.name.tr\/index.php\/wp-json\/wp\/v2\/pages\/4151\/revisions"}],"wp:attachment":[{"href":"https:\/\/otel.name.tr\/index.php\/wp-json\/wp\/v2\/media?parent=4151"}],"curies":[{"name":"wp","href":"https:\/\/api.w.org\/{rel}","templated":true}]}}