{"id":73620,"date":"2023-12-14T11:24:37","date_gmt":"2023-12-14T08:24:37","guid":{"rendered":"https:\/\/www.turksem.com\/newsletter-signup"},"modified":"2023-12-14T11:24:37","modified_gmt":"2023-12-14T08:24:37","slug":"basin-kayit","status":"publish","type":"page","link":"https:\/\/otel.name.tr\/index.php\/basin-kayit\/","title":{"rendered":"Bas\u0131n Mensubu Kayd\u0131"},"content":{"rendered":"<p>[newsletter_signup]B\u00fcltenimize kay\u0131t olunuz[newsletter_signup_form id=1][\/newsletter_signup]<\/p>\n\n\n<p>[newsletter_confirm]\u0130lginiz i\u00e7in te\u015fekk\u00fcrler![\/newsletter_confirm]<\/p>\n\n\n<p>[newsletter_unsubscribe]Ger\u00e7ekten abonelikten \u00e7\u0131kmak istiyor musunuz?[\/newsletter_unsubscribe]<\/p>\n\n\n\n<p><strong>Yukar\u0131daki k\u0131s\u0131mdan Bas\u0131n Mensubu kayd\u0131n\u0131z\u0131 ger\u00e7ekle\u015ftirebilirsiniz<\/strong>. Bu k\u0131sma kay\u0131t olan Bas\u0131n Mensuplar\u0131na T\u00fcrk SEM taraf\u0131ndan b\u00fclten g\u00f6nderimi yap\u0131lacakt\u0131r. <\/p>\n\n\n\n<h2 class=\"wp-block-heading\">B\u00fclten \u00d6zellikleri Hakk\u0131nda<\/h2>\n\n\n\n<p>G\u00f6nderilecek b\u00fcltenler \u015fu \u015fekildedir.<\/p>\n\n\n\n<ul class=\"wp-block-list\">\n<li>\u00dcye firmalar\u0131m\u0131z\u0131n bas\u0131n toplant\u0131s\u0131 davetleri<\/li>\n\n\n\n<li>\u00dcye firmalar\u0131m\u0131z hakk\u0131nda geli\u015fmeler<\/li>\n\n\n\n<li>T\u00fcrk SEM akademik ara\u015ft\u0131rmalar\u0131<\/li>\n\n\n\n<li>T\u00fcrk SEM kamu ara\u015ft\u0131rma sonu\u00e7lar\u0131<\/li>\n<\/ul>\n\n\n\n<p>G\u00f6nderilecektir. Kay\u0131t oldu\u011funuz i\u00e7in te\u015fekk\u00fcr ederiz. Bu k\u0131sma sadece Bas\u0131n Mensubu arkada\u015flar \u00fcye olmal\u0131d\u0131r.<\/p>\n\n\n\n<h2 class=\"wp-block-heading\">Bas\u0131n B\u00fclteni Kay\u0131t<\/h2>\n\n\n\n<p>T\u00fcrk SEM Bas\u0131n B\u00fcltenlerinden an\u0131nda haberdar olmak i\u00e7in bas\u0131n b\u00fcltenleri listemize kay\u0131t olabilirsiniz. Yukar\u0131daki formda yer alan k\u0131s\u0131mlar\u0131 doldurarak \u00fcyeli\u011finizi ba\u015flat\u0131n.<\/p>\n","protected":false},"excerpt":{"rendered":"<p>Yukar\u0131daki k\u0131s\u0131mdan Bas\u0131n Mensubu kayd\u0131n\u0131z\u0131 ger\u00e7ekle\u015ftirebilirsiniz. Bu k\u0131sma kay\u0131t olan Bas\u0131n Mensuplar\u0131na T\u00fcrk SEM taraf\u0131ndan b\u00fclten g\u00f6nderimi yap\u0131lacakt\u0131r. B\u00fclten \u00d6zellikleri Hakk\u0131nda G\u00f6nderilecek b\u00fcltenler \u015fu \u015fekildedir. G\u00f6nderilecektir. Kay\u0131t oldu\u011funuz i\u00e7in te\u015fekk\u00fcr ederiz. Bu k\u0131sma sadece Bas\u0131n Mensubu arkada\u015flar \u00fcye olmal\u0131d\u0131r. Bas\u0131n B\u00fclteni Kay\u0131t T\u00fcrk SEM Bas\u0131n B\u00fcltenlerinden an\u0131nda haberdar olmak i\u00e7in bas\u0131n b\u00fcltenleri listemize kay\u0131t olabilirsiniz. [&hellip;]<\/p>\n","protected":false},"author":1,"featured_media":0,"parent":0,"menu_order":0,"comment_status":"closed","ping_status":"closed","template":"","meta":{"footnotes":""},"class_list":["post-73620","page","type-page","status-publish","hentry"],"_links":{"self":[{"href":"https:\/\/otel.name.tr\/index.php\/wp-json\/wp\/v2\/pages\/73620","targetHints":{"allow":["GET"]}}],"collection":[{"href":"https:\/\/otel.name.tr\/index.php\/wp-json\/wp\/v2\/pages"}],"about":[{"href":"https:\/\/otel.name.tr\/index.php\/wp-json\/wp\/v2\/types\/page"}],"author":[{"embeddable":true,"href":"https:\/\/otel.name.tr\/index.php\/wp-json\/wp\/v2\/users\/1"}],"replies":[{"embeddable":true,"href":"https:\/\/otel.name.tr\/index.php\/wp-json\/wp\/v2\/comments?post=73620"}],"version-history":[{"count":0,"href":"https:\/\/otel.name.tr\/index.php\/wp-json\/wp\/v2\/pages\/73620\/revisions"}],"wp:attachment":[{"href":"https:\/\/otel.name.tr\/index.php\/wp-json\/wp\/v2\/media?parent=73620"}],"curies":[{"name":"wp","href":"https:\/\/api.w.org\/{rel}","templated":true}]}}