{"id":74827,"date":"2024-03-03T15:56:46","date_gmt":"2024-03-03T12:56:46","guid":{"rendered":"https:\/\/www.turksem.com\/?page_id=74827"},"modified":"2024-03-03T15:56:46","modified_gmt":"2024-03-03T12:56:46","slug":"sss","status":"publish","type":"page","link":"https:\/\/otel.name.tr\/index.php\/sss\/","title":{"rendered":"S\u0131k\u00e7a Sorulan Sorular"},"content":{"rendered":"\n<p>Bu k\u0131s\u0131mda T\u00fcrk SEM&#8217;e en fazla gelen sorularla ilgili <strong>S\u0131k\u00e7a Sorulan Sorular<\/strong> k\u0131sm\u0131 haz\u0131rlad\u0131k. <\/p>\n\n\n\n\n\n<p>E\u011fer arad\u0131\u011f\u0131n\u0131z sorunun cevab\u0131n\u0131 bu k\u0131s\u0131mda bulamad\u0131ysan\u0131z l\u00fctfen bizi aray\u0131n\u0131z ve sorunuz. <\/p>\n\n\n\n<p>Te\u015fekk\u00fcr ederiz.<\/p>\n","protected":false},"excerpt":{"rendered":"<p>Bu k\u0131s\u0131mda T\u00fcrk SEM&#8217;e en fazla gelen sorularla ilgili S\u0131k\u00e7a Sorulan Sorular k\u0131sm\u0131 haz\u0131rlad\u0131k. E\u011fer arad\u0131\u011f\u0131n\u0131z sorunun cevab\u0131n\u0131 bu k\u0131s\u0131mda bulamad\u0131ysan\u0131z l\u00fctfen bizi aray\u0131n\u0131z ve sorunuz. Te\u015fekk\u00fcr ederiz.<\/p>\n","protected":false},"author":1,"featured_media":0,"parent":0,"menu_order":0,"comment_status":"closed","ping_status":"closed","template":"","meta":{"footnotes":""},"class_list":["post-74827","page","type-page","status-publish","hentry"],"_links":{"self":[{"href":"https:\/\/otel.name.tr\/index.php\/wp-json\/wp\/v2\/pages\/74827","targetHints":{"allow":["GET"]}}],"collection":[{"href":"https:\/\/otel.name.tr\/index.php\/wp-json\/wp\/v2\/pages"}],"about":[{"href":"https:\/\/otel.name.tr\/index.php\/wp-json\/wp\/v2\/types\/page"}],"author":[{"embeddable":true,"href":"https:\/\/otel.name.tr\/index.php\/wp-json\/wp\/v2\/users\/1"}],"replies":[{"embeddable":true,"href":"https:\/\/otel.name.tr\/index.php\/wp-json\/wp\/v2\/comments?post=74827"}],"version-history":[{"count":0,"href":"https:\/\/otel.name.tr\/index.php\/wp-json\/wp\/v2\/pages\/74827\/revisions"}],"wp:attachment":[{"href":"https:\/\/otel.name.tr\/index.php\/wp-json\/wp\/v2\/media?parent=74827"}],"curies":[{"name":"wp","href":"https:\/\/api.w.org\/{rel}","templated":true}]}}