{"id":75263,"date":"2024-03-23T18:37:38","date_gmt":"2024-03-23T15:37:38","guid":{"rendered":"https:\/\/www.turksem.com\/?page_id=75263"},"modified":"2024-03-23T18:37:38","modified_gmt":"2024-03-23T15:37:38","slug":"tesekkur-ederiz","status":"publish","type":"page","link":"https:\/\/otel.name.tr\/index.php\/tesekkur-ederiz\/","title":{"rendered":"Te\u015fekk\u00fcr Ederiz"},"content":{"rendered":"\n<h2 class=\"wp-block-heading\"><strong><mark style=\"background-color:rgba(0, 0, 0, 0);color:#0a8055\" class=\"has-inline-color\">Ba\u015fvurunuz ba\u015far\u0131yla al\u0131nm\u0131\u015ft\u0131r.<\/mark><\/strong><\/h2>\n\n\n\n<p class=\"has-background\" style=\"background-color:#f4f4f4a3\"><strong>T\u00fcrk SEM ailesinin bir par\u00e7as\u0131 olmak istedi\u011finiz i\u00e7in te\u015fekk\u00fcr ederiz. Bu s\u00fcre\u00e7ten sonra bir \u015fey yapman\u0131z gerek yoktur. Ekip arkada\u015flar\u0131m\u0131z ba\u015fvurunuzu inceleyecek ve kabul edilirse sizlere d\u00f6n\u00fc\u015f sa\u011flayacakt\u0131r.<\/strong><\/p>\n\n\n\n<p class=\"has-background\" style=\"background-color:#fcb9000d\">Kendi blog veya web sayfan\u0131z varsa &#8220;<strong><a href=\"https:\/\/www.turksem.com\/basin-kayit\">BASIN KAYDI<\/a><\/strong>&#8221; sayfam\u0131zdan bas\u0131n davetleri ve b\u00fcltenler almak i\u00e7in kay\u0131t olabilirsiniz. <\/p>\n\n\n\n<p class=\"has-background\" style=\"background-color:#8dd2fc21\"><a href=\"https:\/\/www.linkedin.com\/company\/turksem\/?originalSubdomain=tr\"><strong>Linkedin sayfam\u0131zdan<\/strong><\/a> bizleri takip ederek anl\u0131k bildirimleri ilk siz al\u0131n.<\/p>\n\n\n\n<p><\/p>\n","protected":false},"excerpt":{"rendered":"<p>Ba\u015fvurunuz ba\u015far\u0131yla al\u0131nm\u0131\u015ft\u0131r. T\u00fcrk SEM ailesinin bir par\u00e7as\u0131 olmak istedi\u011finiz i\u00e7in te\u015fekk\u00fcr ederiz. Bu s\u00fcre\u00e7ten sonra bir \u015fey yapman\u0131z gerek yoktur. Ekip arkada\u015flar\u0131m\u0131z ba\u015fvurunuzu inceleyecek ve kabul edilirse sizlere d\u00f6n\u00fc\u015f sa\u011flayacakt\u0131r. Kendi blog veya web sayfan\u0131z varsa &#8220;BASIN KAYDI&#8221; sayfam\u0131zdan bas\u0131n davetleri ve b\u00fcltenler almak i\u00e7in kay\u0131t olabilirsiniz. Linkedin sayfam\u0131zdan bizleri takip ederek anl\u0131k bildirimleri [&hellip;]<\/p>\n","protected":false},"author":1,"featured_media":0,"parent":0,"menu_order":0,"comment_status":"closed","ping_status":"closed","template":"","meta":{"footnotes":""},"class_list":["post-75263","page","type-page","status-publish","hentry"],"_links":{"self":[{"href":"https:\/\/otel.name.tr\/index.php\/wp-json\/wp\/v2\/pages\/75263","targetHints":{"allow":["GET"]}}],"collection":[{"href":"https:\/\/otel.name.tr\/index.php\/wp-json\/wp\/v2\/pages"}],"about":[{"href":"https:\/\/otel.name.tr\/index.php\/wp-json\/wp\/v2\/types\/page"}],"author":[{"embeddable":true,"href":"https:\/\/otel.name.tr\/index.php\/wp-json\/wp\/v2\/users\/1"}],"replies":[{"embeddable":true,"href":"https:\/\/otel.name.tr\/index.php\/wp-json\/wp\/v2\/comments?post=75263"}],"version-history":[{"count":0,"href":"https:\/\/otel.name.tr\/index.php\/wp-json\/wp\/v2\/pages\/75263\/revisions"}],"wp:attachment":[{"href":"https:\/\/otel.name.tr\/index.php\/wp-json\/wp\/v2\/media?parent=75263"}],"curies":[{"name":"wp","href":"https:\/\/api.w.org\/{rel}","templated":true}]}}